{"id":774,"date":"2023-07-23T10:58:11","date_gmt":"2023-07-23T10:58:11","guid":{"rendered":"https:\/\/kinasconsulting.org\/?page_id=774"},"modified":"2023-07-24T19:58:16","modified_gmt":"2023-07-24T19:58:16","slug":"our-experience-from-the-clinic","status":"publish","type":"page","link":"https:\/\/kinasconsulting.org\/pl\/nasze-doswiadczenie-z-kliniki\/","title":{"rendered":"Nasze wra\u017cenia z pobytu w klinice"},"content":{"rendered":"<!--themify_builder_content-->\n<div id=\"themify_builder_content-774\" data-postid=\"774\" class=\"themify_builder_content themify_builder_content-774 themify_builder tf_clear\">\n                    <div  data-lazy=\"1\" class=\"module_row themify_builder_row tb_k3xs873 tb_first tf_w\">\n                        <div class=\"row_inner col_align_middle tb_col_count_2 tf_box tf_rel\">\n                        <div  data-lazy=\"1\" class=\"module_column tb-column col4-2 tb_cul3873 first\">\n                    <!-- module image -->\n<div  class=\"module module-image tb_is5o873 image-center   tf_mw\" data-lazy=\"1\">\n        <div class=\"image-wrap tf_rel tf_mw\">\n            <img decoding=\"async\" data-src=\"https:\/\/kinasconsulting.org\/wp-content\/uploads\/2023\/07\/K-10-560x746.webp\" width=\"560\" height=\"746\" class=\"wp-post-image wp-image-781 lazyload\" title=\"Nasze wra\u017cenia z pobytu w klinice\" alt=\"Nasze wra\u017cenia z pobytu w klinice\" data-srcset=\"https:\/\/kinasconsulting.org\/wp-content\/uploads\/2023\/07\/K-10-560x746.webp 560w, https:\/\/kinasconsulting.org\/wp-content\/uploads\/2023\/07\/K-10-225x300.webp 225w, https:\/\/kinasconsulting.org\/wp-content\/uploads\/2023\/07\/K-10-9x12.webp 9w, https:\/\/kinasconsulting.org\/wp-content\/uploads\/2023\/07\/K-10.webp 750w\" data-sizes=\"(max-width: 560px) 100vw, 560px\" src=\"data:image\/svg+xml;base64,PHN2ZyB3aWR0aD0iMSIgaGVpZ2h0PSIxIiB4bWxucz0iaHR0cDovL3d3dy53My5vcmcvMjAwMC9zdmciPjwvc3ZnPg==\" style=\"--smush-placeholder-width: 560px; --smush-placeholder-aspect-ratio: 560\/746;\" \/>    \n        <\/div>\n    <!-- \/image-wrap -->\n    \n        <\/div>\n<!-- \/module image --><!-- module text -->\n<div  class=\"module module-text tb_j8k6873  repeat\" data-lazy=\"1\">\n        <div  class=\"tb_text_wrap\">\n        <p style=\"text-align: left;\">Klinika IOZK znajduje si\u0119 w centrum Kolonii i zajmuje dwa pi\u0119tra biurowca przy Hohenstaufenring. Pacjenci przyjmowani s\u0105 na jednym z nich. Pami\u0119tam, \u017ce naszym pierwszym wra\u017ceniem by\u0142o spore zaskoczenie, poniewa\u017c spodziewali\u015bmy si\u0119 du\u017cego, szpitalnego budynku, a zastali\u015bmy miejsce do\u015b\u0107 kameralne. Recepcja, gabinety lekarskie, kilkana\u015bcie sal zabiegowych i dwie poczekalnie dla pacjent\u00f3w. Zostali\u015bmy przyj\u0119ci bardzo serdecznie. Pami\u0119tam pierwsze spotkanie z doktorem Van Goolem, kt\u00f3rego znali\u015bmy wcze\u015bniej jedynie z konwersacji mailowych. Wywar\u0142 na nas wra\u017cenie do\u015bwiadczonego profesjonalisty. Mieli\u015bmy poczucie bycia w dobrych r\u0119kach. Opis leczenia zosta\u0142 nam przedstawiony w spos\u00f3b przejrzysty i obrazowy. Warto nadmieni\u0107, \u017ce wtedy (rok 2018) konsultacje odbywa\u0142y si\u0119 jedynie po angielsku lub niemiecku \u2013 obecnie w klinice dost\u0119pny jest personel polskoj\u0119zyczny wspieraj\u0105cy pacjent\u00f3w z Polski.<\/p>    <\/div>\n<\/div>\n<!-- \/module text -->        <\/div>\n                    <div  data-lazy=\"1\" class=\"module_column tb-column col4-2 tb_6ykl874 last\">\n                    <!-- module image -->\n<div  class=\"module module-image tb_94ok874 image-center   tf_mw\" data-lazy=\"1\">\n        <div class=\"image-wrap tf_rel tf_mw\">\n            <img decoding=\"async\" data-src=\"https:\/\/kinasconsulting.org\/wp-content\/uploads\/2023\/07\/K-22-500x889.webp\" width=\"500\" height=\"889\" class=\"wp-post-image wp-image-784 lazyload\" title=\"Nasze wra\u017cenia z pobytu w klinice\" alt=\"Nasze wra\u017cenia z pobytu w klinice\" data-srcset=\"https:\/\/kinasconsulting.org\/wp-content\/uploads\/2023\/07\/K-22-500x889.webp 500w, https:\/\/kinasconsulting.org\/wp-content\/uploads\/2023\/07\/K-22-169x300.webp 169w, https:\/\/kinasconsulting.org\/wp-content\/uploads\/2023\/07\/K-22-7x12.webp 7w, https:\/\/kinasconsulting.org\/wp-content\/uploads\/2023\/07\/K-22.webp 562w\" data-sizes=\"(max-width: 500px) 100vw, 500px\" src=\"data:image\/svg+xml;base64,PHN2ZyB3aWR0aD0iMSIgaGVpZ2h0PSIxIiB4bWxucz0iaHR0cDovL3d3dy53My5vcmcvMjAwMC9zdmciPjwvc3ZnPg==\" style=\"--smush-placeholder-width: 500px; --smush-placeholder-aspect-ratio: 500\/889;\" \/>    \n        <\/div>\n    <!-- \/image-wrap -->\n    \n        <\/div>\n<!-- \/module image --><!-- module text -->\n<div  class=\"module module-text tb_qnc8874  repeat\" data-lazy=\"1\">\n        <div  class=\"tb_text_wrap\">\n        <p style=\"text-align: left;\">Z naszego punktu widzenia atmosfera w klinice zawsze by\u0142a bardzo ciep\u0142a, a z czasem wr\u0119cz rodzinna. Nikodem zawsze bardzo \u0142atwo potrafi\u0142 zjedna\u0107 sobie ludzi i ju\u017c po kilku pobytach zaprzyja\u017ani\u0142 si\u0119 z kilkoma lekarzami. Oczywi\u015bcie nigdy nie by\u0142y to pobyty wakacyjne czy towarzyskie, natomiast opr\u00f3cz odbieranego leczenia i specjalist\u00f3w, niezwykle wa\u017cna dla nas by\u0142a pozytywna aura i nastr\u00f3j otaczaj\u0105cych nas os\u00f3b, kt\u00f3rych do\u015bwiadczyli\u015bmy w klinice. Sale zabiegowe s\u0105 niewielkie, ale dobrze wyposa\u017cone i spe\u0142niaj\u0105 najwy\u017csze standardy jako\u015bci. W poczekalniach oferowane s\u0105 kawa, woda i \u015bwie\u017ce owoce.<\/p>    <\/div>\n<\/div>\n<!-- \/module text -->        <\/div>\n                        <\/div>\n        <\/div>\n                        <div  data-lazy=\"1\" class=\"module_row themify_builder_row tb_85bt877 tf_w\">\n                        <div class=\"row_inner col_align_top tb_col_count_1 tf_box tf_rel\">\n                        <div  data-lazy=\"1\" class=\"module_column tb-column col-full tb_3jjd877 first\">\n        <span  class=\"builder_row_cover tf_abs\" data-lazy=\"1\"><\/span>                    <div  data-lazy=\"1\" class=\"module_subrow themify_builder_sub_row tf_w col_align_top tb_col_count_1 tb_01b2877\">\n                <div  data-lazy=\"1\" class=\"module_column sub_column col-full tb_ujl9877 first\">\n                    <!-- module image -->\n<div  class=\"module module-image tb_jmi0877 image-center   tf_mw\" data-lazy=\"1\">\n        <div class=\"image-wrap tf_rel tf_mw\">\n            <img decoding=\"async\" width=\"1024\" height=\"768\" data-src=\"https:\/\/kinasconsulting.org\/wp-content\/uploads\/2023\/07\/K-8-1.webp\" class=\"wp-post-image wp-image-780 lazyload\" title=\"Nasze wra\u017cenia z pobytu w klinice\" alt=\"Nasze wra\u017cenia z pobytu w klinice\" data-srcset=\"https:\/\/kinasconsulting.org\/wp-content\/uploads\/2023\/07\/K-8-1.webp 1024w, https:\/\/kinasconsulting.org\/wp-content\/uploads\/2023\/07\/K-8-1-300x225.webp 300w, https:\/\/kinasconsulting.org\/wp-content\/uploads\/2023\/07\/K-8-1-768x576.webp 768w, https:\/\/kinasconsulting.org\/wp-content\/uploads\/2023\/07\/K-8-1-16x12.webp 16w\" data-sizes=\"(max-width: 1024px) 100vw, 1024px\" src=\"data:image\/svg+xml;base64,PHN2ZyB3aWR0aD0iMSIgaGVpZ2h0PSIxIiB4bWxucz0iaHR0cDovL3d3dy53My5vcmcvMjAwMC9zdmciPjwvc3ZnPg==\" style=\"--smush-placeholder-width: 1024px; --smush-placeholder-aspect-ratio: 1024\/768;\" \/>    \n        <\/div>\n    <!-- \/image-wrap -->\n    \n        <\/div>\n<!-- \/module image -->        <\/div>\n                    <\/div>\n                <\/div>\n                        <\/div>\n        <\/div>\n                        <div  data-lazy=\"1\" class=\"module_row themify_builder_row tb_hflq6 tf_w\">\n                        <div class=\"row_inner col_align_middle tb_col_count_2 tf_box tf_rel\">\n                        <div  data-lazy=\"1\" class=\"module_column tb-column col4-2 tb_4qnj6 first\">\n                    <!-- module image -->\n<div  class=\"module module-image tb_tbfv6 image-center   tf_mw\" data-lazy=\"1\">\n        <div class=\"image-wrap tf_rel tf_mw\">\n            <img decoding=\"async\" data-src=\"https:\/\/kinasconsulting.org\/wp-content\/uploads\/2023\/07\/K-17-560x746.webp\" width=\"560\" height=\"746\" class=\"wp-post-image wp-image-782 lazyload\" title=\"Nasze wra\u017cenia z pobytu w klinice\" alt=\"Nasze wra\u017cenia z pobytu w klinice\" data-srcset=\"https:\/\/kinasconsulting.org\/wp-content\/uploads\/2023\/07\/K-17-560x746.webp 560w, https:\/\/kinasconsulting.org\/wp-content\/uploads\/2023\/07\/K-17-225x300.webp 225w, https:\/\/kinasconsulting.org\/wp-content\/uploads\/2023\/07\/K-17-9x12.webp 9w, https:\/\/kinasconsulting.org\/wp-content\/uploads\/2023\/07\/K-17.webp 750w\" data-sizes=\"(max-width: 560px) 100vw, 560px\" src=\"data:image\/svg+xml;base64,PHN2ZyB3aWR0aD0iMSIgaGVpZ2h0PSIxIiB4bWxucz0iaHR0cDovL3d3dy53My5vcmcvMjAwMC9zdmciPjwvc3ZnPg==\" style=\"--smush-placeholder-width: 560px; --smush-placeholder-aspect-ratio: 560\/746;\" \/>    \n        <\/div>\n    <!-- \/image-wrap -->\n    \n        <\/div>\n<!-- \/module image --><!-- module text -->\n<div  class=\"module module-text tb_i34j6  repeat\" data-lazy=\"1\">\n        <div  class=\"tb_text_wrap\">\n        <p style=\"text-align: left;\">Poni\u017cej kilka z naszych spostrze\u017ce\u0144:<\/p>\n<ul>\n<li style=\"text-align: left;\">Indywidualne podej\u015bcie do ka\u017cdego pacjenta<\/li>\n<li style=\"text-align: left;\">Profesjonalna opieka ze strony zespo\u0142u lekarskiego i piel\u0119gniarskiego<\/li>\n<li style=\"text-align: left;\">Wysoka jako\u015b\u0107 diagnostyki<\/li>\n<li style=\"text-align: left;\">Mo\u017cliwo\u015b\u0107 wdro\u017cenia lek\u00f3w, kt\u00f3rych u\u017cycie w Polsce jest niemo\u017cliwe<\/li>\n<li style=\"text-align: left;\">Dost\u0119pno\u015b\u0107 wlew\u00f3w witaminowych<\/li>\n<li style=\"text-align: left;\">Planowanie leczenie w \u015bcis\u0142ym porozumieniu z pacjentem<\/li>\n<li style=\"text-align: left;\">Mo\u017cliwo\u015b\u0107 skorelowania leczenia w klinice z leczeniem konwencjonalnym<\/li>\n<\/ul>    <\/div>\n<\/div>\n<!-- \/module text -->        <\/div>\n                    <div  data-lazy=\"1\" class=\"module_column tb-column col4-2 tb_50am6 last\">\n                    <!-- module image -->\n<div  class=\"module module-image tb_kd4i6 image-center   tf_mw\" data-lazy=\"1\">\n        <div class=\"image-wrap tf_rel tf_mw\">\n            <img decoding=\"async\" data-src=\"https:\/\/kinasconsulting.org\/wp-content\/uploads\/2023\/07\/K-18-500x666.webp\" width=\"500\" height=\"666\" class=\"wp-post-image wp-image-783 lazyload\" title=\"Nasze wra\u017cenia z pobytu w klinice\" alt=\"Nasze wra\u017cenia z pobytu w klinice\" data-srcset=\"https:\/\/kinasconsulting.org\/wp-content\/uploads\/2023\/07\/K-18-500x666.webp 500w, https:\/\/kinasconsulting.org\/wp-content\/uploads\/2023\/07\/K-18-225x300.webp 225w, https:\/\/kinasconsulting.org\/wp-content\/uploads\/2023\/07\/K-18-9x12.webp 9w, https:\/\/kinasconsulting.org\/wp-content\/uploads\/2023\/07\/K-18.webp 750w\" data-sizes=\"(max-width: 500px) 100vw, 500px\" src=\"data:image\/svg+xml;base64,PHN2ZyB3aWR0aD0iMSIgaGVpZ2h0PSIxIiB4bWxucz0iaHR0cDovL3d3dy53My5vcmcvMjAwMC9zdmciPjwvc3ZnPg==\" style=\"--smush-placeholder-width: 500px; --smush-placeholder-aspect-ratio: 500\/666;\" \/>    \n        <\/div>\n    <!-- \/image-wrap -->\n    \n        <\/div>\n<!-- \/module image --><!-- module text -->\n<div  class=\"module module-text tb_fdiq6  repeat\" data-lazy=\"1\">\n        <div  class=\"tb_text_wrap\">\n        <p style=\"text-align: left;\">Warto pami\u0119ta\u0107, \u017ce klinika prowadzi wy\u0142\u0105cznie leczenie ambulatoryjne, czyli w systemie dziennym. Zakwaterowanie pozostaje po stronie pacjenta. Pacjent musi by\u0107 w stanie fizycznym umo\u017cliwiaj\u0105cym bezpieczn\u0105 podr\u00f3\u017c i pobyt w Niemczech.<\/p>\n<p style=\"text-align: left;\">Je\u015bli masz jakie\u015b pytania lub potrzebujesz wsparcia w organizacji wyjazdu \u2013 napisz do nas.<\/p>    <\/div>\n<\/div>\n<!-- \/module text -->        <\/div>\n                        <\/div>\n        <\/div>\n                        <div  data-lazy=\"1\" class=\"module_row themify_builder_row tb_cof662 tf_w\">\n                        <div class=\"row_inner col_align_top tb_col_count_1 tf_box tf_rel\">\n                        <div  data-lazy=\"1\" class=\"module_column tb-column col-full tb_xnwl62 first\">\n                    <!-- module icon -->\n<div  class=\"module module-icon tb_9en4483  normal circle icon_vertical tf_textr\" data-lazy=\"1\">\n\t\t\t<div class=\"module-icon-item\">\n\t\t\t\t\t\t\t<a href=\"https:\/\/kinasconsulting.org\/pl\/\">\n\t\t\t\t\t\t\t\t\t\t\t\t\t\t\t\t\t\t\t\t\t\t\t\t\t\t\t<span>&gt;&gt;&gt; OUR STORY<\/span>\n\t\t\t\t\t\t\t\t\t\t\t\t\t\t\t\t\t<\/a>\n\t\t\t\t\t<\/div>\n\t\t\t<div class=\"module-icon-item\">\n\t\t\t\t\t\t\t<a href=\"https:\/\/kinasconsulting.org\/pl\/wskazowki-i-porady\/\">\n\t\t\t\t\t\t\t\t\t\t\t\t\t\t\t\t\t\t\t\t\t\t\t\t\t\t\t<span>&gt;&gt;&gt; TIPS AND ADVICE<\/span>\n\t\t\t\t\t\t\t\t\t\t\t\t\t\t\t\t\t<\/a>\n\t\t\t\t\t<\/div>\n\t\t\t<div class=\"module-icon-item\">\n\t\t\t\t\t\t\t<a href=\"https:\/\/kinasconsulting.org\/pl\/terapia\/\">\n\t\t\t\t\t\t\t\t\t\t\t\t\t\t\t\t\t\t\t\t\t\t\t\t\t\t\t<span>&gt;&gt;&gt; THE THERAPY<\/span>\n\t\t\t\t\t\t\t\t\t\t\t\t\t\t\t\t\t<\/a>\n\t\t\t\t\t<\/div>\n\t<\/div>\n<!-- \/module icon -->\n        <\/div>\n                        <\/div>\n        <\/div>\n        <\/div>\n<!--\/themify_builder_content-->","protected":false},"excerpt":{"rendered":"<p>The IOZK Clinic is located in the center of Cologne and occupies two floors of an office building on Hohenstaufenring. Patients are admitted on one of these floors. I remember that our first impression was quite surprising because we expected a large, hospital-like building, but instead found a rather intimate place. There was a reception [&hellip;]<\/p>\n","protected":false},"author":2,"featured_media":0,"parent":0,"menu_order":0,"comment_status":"closed","ping_status":"closed","template":"","meta":{"footnotes":""},"class_list":["post-774","page","type-page","status-publish","hentry","has-post-title","has-post-date","has-post-category","has-post-tag","has-post-comment","has-post-author",""],"builder_content":"<img src=\"https:\/\/kinasconsulting.org\/wp-content\/uploads\/2023\/07\/K-10-560x746.webp\" width=\"560\" height=\"746\" title=\"Our experience from the clinic\" alt=\"Our experience from the clinic\" srcset=\"https:\/\/kinasconsulting.org\/wp-content\/uploads\/2023\/07\/K-10-560x746.webp 560w, https:\/\/kinasconsulting.org\/wp-content\/uploads\/2023\/07\/K-10-225x300.webp 225w, https:\/\/kinasconsulting.org\/wp-content\/uploads\/2023\/07\/K-10-9x12.webp 9w, https:\/\/kinasconsulting.org\/wp-content\/uploads\/2023\/07\/K-10.webp 750w\" sizes=\"(max-width: 560px) 100vw, 560px\" \/>\n<p style=\"text-align: left;\">The IOZK Clinic is located in the center of Cologne and occupies two floors of an office building on Hohenstaufenring. Patients are admitted on one of these floors. I remember that our first impression was quite surprising because we expected a large, hospital-like building, but instead found a rather intimate place. There was a reception area, doctor's offices, several treatment rooms, and two waiting areas for patients. We were warmly welcomed upon arrival. I recall our first meeting with Dr. Van Gool, whom we only knew from email conversations. He left an impression of an experienced professional, and we felt that we were in good hands. The treatment plan was presented to us in a clear and vivid manner.<\/p>\n<img src=\"https:\/\/kinasconsulting.org\/wp-content\/uploads\/2023\/07\/K-22-500x889.webp\" width=\"500\" height=\"889\" title=\"Our experience from the clinic\" alt=\"Our experience from the clinic\" srcset=\"https:\/\/kinasconsulting.org\/wp-content\/uploads\/2023\/07\/K-22-500x889.webp 500w, https:\/\/kinasconsulting.org\/wp-content\/uploads\/2023\/07\/K-22-169x300.webp 169w, https:\/\/kinasconsulting.org\/wp-content\/uploads\/2023\/07\/K-22-7x12.webp 7w, https:\/\/kinasconsulting.org\/wp-content\/uploads\/2023\/07\/K-22.webp 562w\" sizes=\"(max-width: 500px) 100vw, 500px\" \/>\n<p style=\"text-align: left;\">From our perspective, the atmosphere in the clinic has always been very warm and, over time, even familial. Nikodem always easily manage to connect with people, and after a few visits, he became friends with several doctors. Of course, these were not vacation or social visits, but in addition to receiving treatment and seeing specialists, the positive aura and mood of the people surrounding us in the clinic were extremely important to us. The treatment rooms are small but well-equipped and meet the highest quality standards. The waiting areas offer coffee, water, and fresh fruits.<\/p>\n<img src=\"https:\/\/kinasconsulting.org\/wp-content\/uploads\/2023\/07\/K-8-1.webp\" title=\"Our experience from the clinic\" alt=\"Our experience from the clinic\" srcset=\"https:\/\/kinasconsulting.org\/wp-content\/uploads\/2023\/07\/K-8-1.webp 1024w, https:\/\/kinasconsulting.org\/wp-content\/uploads\/2023\/07\/K-8-1-300x225.webp 300w, https:\/\/kinasconsulting.org\/wp-content\/uploads\/2023\/07\/K-8-1-768x576.webp 768w, https:\/\/kinasconsulting.org\/wp-content\/uploads\/2023\/07\/K-8-1-16x12.webp 16w\" sizes=\"(max-width: 1024px) 100vw, 1024px\" \/>\n<img src=\"https:\/\/kinasconsulting.org\/wp-content\/uploads\/2023\/07\/K-17-560x746.webp\" width=\"560\" height=\"746\" title=\"Our experience from the clinic\" alt=\"Our experience from the clinic\" srcset=\"https:\/\/kinasconsulting.org\/wp-content\/uploads\/2023\/07\/K-17-560x746.webp 560w, https:\/\/kinasconsulting.org\/wp-content\/uploads\/2023\/07\/K-17-225x300.webp 225w, https:\/\/kinasconsulting.org\/wp-content\/uploads\/2023\/07\/K-17-9x12.webp 9w, https:\/\/kinasconsulting.org\/wp-content\/uploads\/2023\/07\/K-17.webp 750w\" sizes=\"(max-width: 560px) 100vw, 560px\" \/>\n<p style=\"text-align: left;\">Here are a few of our observations:<\/p> <ul> <li style=\"text-align: left;\">Individual approach to each patient<\/li> <li style=\"text-align: left;\">Professional care from the medical and nursing team<\/li> <li style=\"text-align: left;\">High-quality diagnostics<\/li> <li style=\"text-align: left;\">Possibility of using medications that are not available in United Kingdom<\/li> <li style=\"text-align: left;\">Availability of intravenous vitamin infusions<\/li> <li style=\"text-align: left;\">Treatment planning in close consultation with the patient<\/li> <li style=\"text-align: left;\">Possibility of coordinating treatment at the clinic with conventional treatment<\/li> <\/ul>\n<img src=\"https:\/\/kinasconsulting.org\/wp-content\/uploads\/2023\/07\/K-18-500x666.webp\" width=\"500\" height=\"666\" title=\"Our experience from the clinic\" alt=\"Our experience from the clinic\" srcset=\"https:\/\/kinasconsulting.org\/wp-content\/uploads\/2023\/07\/K-18-500x666.webp 500w, https:\/\/kinasconsulting.org\/wp-content\/uploads\/2023\/07\/K-18-225x300.webp 225w, https:\/\/kinasconsulting.org\/wp-content\/uploads\/2023\/07\/K-18-9x12.webp 9w, https:\/\/kinasconsulting.org\/wp-content\/uploads\/2023\/07\/K-18.webp 750w\" sizes=\"(max-width: 500px) 100vw, 500px\" \/>\n<p style=\"text-align: left;\">It is important to note that the clinic only provides outpatient treatment, which means it operates on a daily system. Accommodation is arranged by the patient. The patient must be in a good physical condition that allows for a safe journey and stay in Germany.<\/p> <p style=\"text-align: left;\">If you have any questions or need assistance in organizing your trip, please feel free to contact us.<\/p>\n<a href=\"https:\/\/kinasconsulting.org\"> &gt;&gt;&gt; OUR STORY <\/a> <a href=\"https:\/\/kinasconsulting.org\/tips-and-advice\/\"> &gt;&gt;&gt; TIPS AND ADVICE <\/a> <a href=\"https:\/\/kinasconsulting.org\/the-therapy\/\"> &gt;&gt;&gt; THE THERAPY <\/a>","_links":{"self":[{"href":"https:\/\/kinasconsulting.org\/pl\/wp-json\/wp\/v2\/pages\/774","targetHints":{"allow":["GET"]}}],"collection":[{"href":"https:\/\/kinasconsulting.org\/pl\/wp-json\/wp\/v2\/pages"}],"about":[{"href":"https:\/\/kinasconsulting.org\/pl\/wp-json\/wp\/v2\/types\/page"}],"author":[{"embeddable":true,"href":"https:\/\/kinasconsulting.org\/pl\/wp-json\/wp\/v2\/users\/2"}],"replies":[{"embeddable":true,"href":"https:\/\/kinasconsulting.org\/pl\/wp-json\/wp\/v2\/comments?post=774"}],"version-history":[{"count":22,"href":"https:\/\/kinasconsulting.org\/pl\/wp-json\/wp\/v2\/pages\/774\/revisions"}],"predecessor-version":[{"id":907,"href":"https:\/\/kinasconsulting.org\/pl\/wp-json\/wp\/v2\/pages\/774\/revisions\/907"}],"wp:attachment":[{"href":"https:\/\/kinasconsulting.org\/pl\/wp-json\/wp\/v2\/media?parent=774"}],"curies":[{"name":"wp","href":"https:\/\/api.w.org\/{rel}","templated":true}]}}