{"id":594,"date":"2023-05-06T15:21:36","date_gmt":"2023-05-06T15:21:36","guid":{"rendered":"https:\/\/kinasconsulting.org\/?page_id=594"},"modified":"2023-05-06T15:23:21","modified_gmt":"2023-05-06T15:23:21","slug":"page","status":"publish","type":"page","link":"https:\/\/kinasconsulting.org\/pl\/strona\/","title":{"rendered":"Page"},"content":{"rendered":"<!--themify_builder_content-->\n<div id=\"themify_builder_content-594\" data-postid=\"594\" class=\"themify_builder_content themify_builder_content-594 themify_builder tf_clear\">\n                    <div  data-lazy=\"1\" class=\"module_row themify_builder_row tb_ozjv692 tb_first tf_w\">\n                        <div class=\"row_inner col_align_middle tb_col_count_2 tf_box tf_rel\">\n                        <div  data-lazy=\"1\" class=\"module_column tb-column col4-2 tb_761d692 first\">\n                    <!-- module image -->\n<div  class=\"module module-image tb_pwkv692 image-center   tf_mw\" data-lazy=\"1\">\n        <div class=\"image-wrap tf_rel tf_mw\">\n            <img decoding=\"async\" width=\"600\" height=\"600\" data-src=\"https:\/\/kinasconsulting.org\/wp-content\/uploads\/2023\/05\/rolling-eye-emoji.jpg\" class=\"wp-post-image wp-image-595 lazyload\" title=\"rolling-eye-emoji\" alt=\"rolling-eye-emoji\" data-srcset=\"https:\/\/kinasconsulting.org\/wp-content\/uploads\/2023\/05\/rolling-eye-emoji.jpg 600w, https:\/\/kinasconsulting.org\/wp-content\/uploads\/2023\/05\/rolling-eye-emoji-300x300.jpg 300w, https:\/\/kinasconsulting.org\/wp-content\/uploads\/2023\/05\/rolling-eye-emoji-150x150.jpg 150w, https:\/\/kinasconsulting.org\/wp-content\/uploads\/2023\/05\/rolling-eye-emoji-12x12.jpg 12w\" data-sizes=\"(max-width: 600px) 100vw, 600px\" src=\"data:image\/svg+xml;base64,PHN2ZyB3aWR0aD0iMSIgaGVpZ2h0PSIxIiB4bWxucz0iaHR0cDovL3d3dy53My5vcmcvMjAwMC9zdmciPjwvc3ZnPg==\" style=\"--smush-placeholder-width: 600px; --smush-placeholder-aspect-ratio: 600\/600;\" \/>    \n        <\/div>\n    <!-- \/image-wrap -->\n    \n        <\/div>\n<!-- \/module image -->        <\/div>\n                    <div  data-lazy=\"1\" class=\"module_column tb-column col4-2 tb_1teo692 last\">\n                    <!-- module text -->\n<div  class=\"module module-text tb_ujxx692  repeat\" data-lazy=\"1\">\n        <div  class=\"tb_text_wrap\">\n        <h2>Ups!<\/h2>    <\/div>\n<\/div>\n<!-- \/module text --><!-- module text -->\n<div  class=\"module module-text tb_9xsc692  repeat\" data-lazy=\"1\">\n        <div  class=\"tb_text_wrap\">\n        <h4><strong>Nie znaleziono strony na serwerze<\/strong><\/h4>\n<p>Link, z kt\u00f3rego skorzysta\u0142e\u015b, jest nieaktualny, niedok\u0142adny lub serwer zosta\u0142 poinstruowany, aby go nie udost\u0119pnia\u0107.\u00a0<\/p>    <\/div>\n<\/div>\n<!-- \/module text --><!-- module buttons -->\n<div  class=\"module module-buttons tb_0brk692 buttons-horizontal solid\" data-lazy=\"1\">\n        <div class=\"module-buttons-item tf_in_flx\">\n                        <a href=\"https:\/\/kinasconsulting.org\/pl\/dom\/\" class=\"ui builder_button tf_in_flx orange\" >\n                                                Id\u017a do domu                                        <\/a>\n                <\/div>\n            <\/div>\n<!-- \/module buttons -->\n        <\/div>\n                        <\/div>\n        <\/div>\n        <\/div>\n<!--\/themify_builder_content-->","protected":false},"excerpt":{"rendered":"<p>Ups!<\/p>","protected":false},"author":1,"featured_media":0,"parent":0,"menu_order":0,"comment_status":"closed","ping_status":"closed","template":"","meta":{"footnotes":""},"class_list":["post-594","page","type-page","status-publish","hentry","has-post-title","has-post-date","has-post-category","has-post-tag","has-post-comment","has-post-author",""],"builder_content":"<img src=\"https:\/\/kinasconsulting.org\/wp-content\/uploads\/2023\/05\/rolling-eye-emoji.jpg\" title=\"rolling-eye-emoji\" alt=\"rolling-eye-emoji\" srcset=\"https:\/\/kinasconsulting.org\/wp-content\/uploads\/2023\/05\/rolling-eye-emoji.jpg 600w, https:\/\/kinasconsulting.org\/wp-content\/uploads\/2023\/05\/rolling-eye-emoji-300x300.jpg 300w, https:\/\/kinasconsulting.org\/wp-content\/uploads\/2023\/05\/rolling-eye-emoji-150x150.jpg 150w, https:\/\/kinasconsulting.org\/wp-content\/uploads\/2023\/05\/rolling-eye-emoji-12x12.jpg 12w\" sizes=\"(max-width: 600px) 100vw, 600px\" \/>\n<h2>Ooops!<\/h2>\n<h4><strong>Page not found on server<\/strong><\/h4> <p>The link you followed is either outdated, inaccurate, or the server has been instructed not to let you have it.\u00a0<\/p>\n<a href=\"\/home\" > Go to home <\/a>","_links":{"self":[{"href":"https:\/\/kinasconsulting.org\/pl\/wp-json\/wp\/v2\/pages\/594","targetHints":{"allow":["GET"]}}],"collection":[{"href":"https:\/\/kinasconsulting.org\/pl\/wp-json\/wp\/v2\/pages"}],"about":[{"href":"https:\/\/kinasconsulting.org\/pl\/wp-json\/wp\/v2\/types\/page"}],"author":[{"embeddable":true,"href":"https:\/\/kinasconsulting.org\/pl\/wp-json\/wp\/v2\/users\/1"}],"replies":[{"embeddable":true,"href":"https:\/\/kinasconsulting.org\/pl\/wp-json\/wp\/v2\/comments?post=594"}],"version-history":[{"count":2,"href":"https:\/\/kinasconsulting.org\/pl\/wp-json\/wp\/v2\/pages\/594\/revisions"}],"predecessor-version":[{"id":597,"href":"https:\/\/kinasconsulting.org\/pl\/wp-json\/wp\/v2\/pages\/594\/revisions\/597"}],"wp:attachment":[{"href":"https:\/\/kinasconsulting.org\/pl\/wp-json\/wp\/v2\/media?parent=594"}],"curies":[{"name":"wp","href":"https:\/\/api.w.org\/{rel}","templated":true}]}}