{"id":406,"date":"2023-04-26T18:03:26","date_gmt":"2023-04-26T18:03:26","guid":{"rendered":"https:\/\/kinasconsulting.org\/?page_id=406"},"modified":"2023-05-06T12:21:17","modified_gmt":"2023-05-06T12:21:17","slug":"main-more","status":"publish","type":"page","link":"https:\/\/kinasconsulting.org\/pl\/main-more\/","title":{"rendered":"Main more"},"content":{"rendered":"<!--themify_builder_content-->\n<div id=\"themify_builder_content-406\" data-postid=\"406\" class=\"themify_builder_content themify_builder_content-406 themify_builder tf_clear\">\n                    <div  data-lazy=\"1\" class=\"module_row themify_builder_row tb_rvdl582 tb_first tf_w\">\n                        <div class=\"row_inner col_align_top tb_col_count_1 tf_box tf_rel\">\n                        <div  data-lazy=\"1\" class=\"module_column tb-column col-full tb_h3uf583 first\">\n                            <div  data-lazy=\"1\" class=\"module_subrow themify_builder_sub_row tf_w col_align_top tb_col_count_1 tb_myld840\">\n                <div  data-lazy=\"1\" class=\"module_column sub_column col-full tb_n2ty840 first\">\n                    <!-- module image -->\n<div  class=\"module module-image tb_d70m22 image-top   tf_mw\" data-lazy=\"1\">\n        <div class=\"image-wrap tf_rel tf_mw\">\n            <img decoding=\"async\" width=\"1800\" height=\"768\" data-src=\"https:\/\/kinasconsulting.org\/wp-content\/uploads\/2023\/05\/33.-1-scaled.webp\" class=\"wp-post-image wp-image-588 lazyload\" title=\"33. (1)\" alt=\"33. (1)\" data-srcset=\"https:\/\/kinasconsulting.org\/wp-content\/uploads\/2023\/05\/33.-1-scaled.webp 1800w, https:\/\/kinasconsulting.org\/wp-content\/uploads\/2023\/05\/33.-1-300x128.webp 300w, https:\/\/kinasconsulting.org\/wp-content\/uploads\/2023\/05\/33.-1-1024x437.webp 1024w, https:\/\/kinasconsulting.org\/wp-content\/uploads\/2023\/05\/33.-1-768x328.webp 768w, https:\/\/kinasconsulting.org\/wp-content\/uploads\/2023\/05\/33.-1-1536x655.webp 1536w, https:\/\/kinasconsulting.org\/wp-content\/uploads\/2023\/05\/33.-1-2048x874.webp 2048w, https:\/\/kinasconsulting.org\/wp-content\/uploads\/2023\/05\/33.-1-18x8.webp 18w\" data-sizes=\"(max-width: 1800px) 100vw, 1800px\" src=\"data:image\/svg+xml;base64,PHN2ZyB3aWR0aD0iMSIgaGVpZ2h0PSIxIiB4bWxucz0iaHR0cDovL3d3dy53My5vcmcvMjAwMC9zdmciPjwvc3ZnPg==\" style=\"--smush-placeholder-width: 1800px; --smush-placeholder-aspect-ratio: 1800\/768;\" \/>    \n        <\/div>\n    <!-- \/image-wrap -->\n    \n        <\/div>\n<!-- \/module image --><!-- module text -->\n<div  class=\"module module-text tb_e040609\" data-lazy=\"1\">\n        <div  class=\"tb_text_wrap\">\n        <p><span style=\"font-weight: 400;\">Lekarze i naukowcy z naszej kliniki od 1985 roku pracuj\u0105 nad rol\u0105 uk\u0142adu odporno\u015bciowego w nowotworach i przewlek\u0142ych chorobach zaka\u017anych. Na przestrzeni lat rozwin\u0119li\u015bmy nasz\u0105 spersonalizowan\u0105 immunoterapi\u0119. Lata do\u015bwiadcze\u0144 pokazuj\u0105, \u017ce jeste\u015bmy na dobrej drodze: dzi\u0119ki temu leczeniu mo\u017cemy zaoferowa\u0107 naszym pacjentom celowan\u0105 terapi\u0119, kt\u00f3ra daje mo\u017cliwo\u015b\u0107 \u0142agodnego leczenia, a tak\u017ce najlepsz\u0105 mo\u017cliw\u0105 jako\u015b\u0107 \u017cycia.<\/span><\/p><p><span style=\"font-weight: 400;\">W przeciwie\u0144stwie do konwencjonalnych metod leczenia nowotwor\u00f3w takich jak chemioterapia czy radiacja, kt\u00f3re wprowadzaj\u0105 do cia\u0142a toksyczne substancje czy te\u017c wymagaj\u0105 szkodliwego na\u015bwietlania, nasza immunoterapia bazuje na w\u0142asnym uk\u0142adzie immunologicznym pacjenta.<\/span><\/p><p><span style=\"font-weight: 400;\">Efekty uboczne naszej terapii pojawiaj\u0105 si\u0119 niezwykle rzadko tu\u017c po podaniu szczepionki. Maj\u0105 zwykle bardzo lekki, grypopodobny charakter i bardzo szybko ust\u0119puj\u0105. \u017badne inne powik\u0142ania nie s\u0105 obserwowane. Dlatego nasze leczenie nie wymaga hospitalizacji pacjenta a jednorazowy pobyt w klinice nie trwa wi\u0119cej ni\u017c kilka godzin. Ze wzgl\u0119du na sw\u0105 \u0142agodno\u015b\u0107 terapia mo\u017ce by\u0107 \u0142\u0105czona z innymi metodami leczenia.<\/span><\/p><p><span style=\"font-weight: 400;\">Aktywacja uk\u0142adu odporno\u015bciowego pacjenta<\/span><\/p><p><span style=\"font-weight: 400;\">Ka\u017cdy przypadek nowotworu jest wyj\u0105tkowy i wymaga kompleksowej analizy oraz planu leczenia dostosowanego do pacjenta. Dlatego nasz\u0105 immunoterapi\u0119 planujemy indywidualnie dla ka\u017cdego pacjenta i tworzymy spersonalizowany plan leczenia. Nasza immunoterapia mobilizuje w\u0142asn\u0105 odpowied\u017a immunologiczn\u0105 organizmu, umo\u017cliwiaj\u0105c mu podj\u0119cie walki z rozrostem guza.<\/span><\/p><p><span style=\"font-weight: 400;\">Nasze leczenie opiera si\u0119 na spersonalizowanej szczepionce, kt\u00f3ra aktywizuje uk\u0142ad odporno\u015bciowy organizmu do podj\u0119cia walki z nowotworem. Rozpoczyna si\u0119 zawsze od kompleksowej analizy uk\u0142adu odporno\u015bciowego za po\u015brednictwem naszego laboratorium. Na podstawie tych wynik\u00f3w nasz zesp\u00f3\u0142 lekarzy decyduje o sposobie leczenia i monitorowania najlepiej dopasowanego do pacjenta.<\/span><\/p><p><span style=\"font-weight: 400;\">Nasza immunoterapia sk\u0142ada si\u0119 z r\u00f3\u017cnych metod leczenia, takich jak wiroterapia, hipertermia, szczepionka dendrytyczna i terapia inhibitorami punkt\u00f3w kontrolnych. Dzi\u0119ki tej multimodalnej formie terapii mo\u017cna leczy\u0107 wszystkie rodzaje guz\u00f3w litych.<\/span><\/p>    <\/div>\n<\/div>\n<!-- \/module text -->        <\/div>\n                    <\/div>\n                <\/div>\n                        <\/div>\n        <\/div>\n        <\/div>\n<!--\/themify_builder_content-->","protected":false},"excerpt":{"rendered":"<p>Doctors and scientists from our clinic have been working on the role of the immune system in cancer and chronic infectious diseases since 1985. Over the years, we have developed our personalized immunotherapy. Years of experience show that we are on the right track: with this treatment, we can offer our patients a targeted therapy [&hellip;]<\/p>\n","protected":false},"author":1,"featured_media":0,"parent":0,"menu_order":0,"comment_status":"closed","ping_status":"closed","template":"","meta":{"footnotes":""},"class_list":["post-406","page","type-page","status-publish","hentry","has-post-title","has-post-date","has-post-category","has-post-tag","has-post-comment","has-post-author",""],"builder_content":"<img src=\"https:\/\/kinasconsulting.org\/wp-content\/uploads\/2023\/05\/33.-1-scaled.webp\" title=\"33. (1)\" alt=\"33. (1)\" srcset=\"https:\/\/kinasconsulting.org\/wp-content\/uploads\/2023\/05\/33.-1-scaled.webp 1800w, https:\/\/kinasconsulting.org\/wp-content\/uploads\/2023\/05\/33.-1-300x128.webp 300w, https:\/\/kinasconsulting.org\/wp-content\/uploads\/2023\/05\/33.-1-1024x437.webp 1024w, https:\/\/kinasconsulting.org\/wp-content\/uploads\/2023\/05\/33.-1-768x328.webp 768w, https:\/\/kinasconsulting.org\/wp-content\/uploads\/2023\/05\/33.-1-1536x655.webp 1536w, https:\/\/kinasconsulting.org\/wp-content\/uploads\/2023\/05\/33.-1-2048x874.webp 2048w, https:\/\/kinasconsulting.org\/wp-content\/uploads\/2023\/05\/33.-1-18x8.webp 18w\" sizes=\"(max-width: 1800px) 100vw, 1800px\" \/>\n<p>Doctors and scientists from our clinic have been working on the role of the immune system in cancer and chronic infectious diseases since 1985. Over the years, we have developed our personalized immunotherapy. Years of experience show that we are on the right track: with this treatment, we can offer our patients a targeted therapy that offers the possibility of gentle treatment as well as the best possible quality of life.<\/p><p>Unlike conventional cancer treatments such as chemotherapy or radiation, which introduce toxic substances into the body or require harmful radiation, our immunotherapy is based on the patient's own immune system.<\/p><p>Side effects of our therapy occur extremely rarely right after the vaccine is administered. They are usually very mild, flu-like in nature and subside very quickly. No other complications are observed. Therefore, our treatment does not require hospitalization of the patient and a single stay in the clinic does not last more than a few hours. Due to its mildness, the therapy can be combined with other methods of treatment.<\/p><p>Activation of the patient's immune system<\/p><p>Each case of cancer is unique and requires a comprehensive analysis and treatment plan tailored to the patient. That is why we plan our immunotherapy individually for each patient and create a personalized treatment plan. Our immunotherapy mobilizes the body's own immune response, enabling it to fight tumor growth.<\/p><p>Our treatment is based on a personalized vaccine that activates the body's immune system to fight cancer. It always starts with a comprehensive analysis of the immune system through our laboratory. Based on these results, our team of doctors decides on the treatment and monitoring best suited to the patient.<\/p><p>Our immunotherapy consists of various treatments such as virotherapy, hyperthermia, dendritic vaccine and checkpoint inhibitor therapy. With this multimodal form of therapy, all types of solid tumors can be treated.<\/p>","_links":{"self":[{"href":"https:\/\/kinasconsulting.org\/pl\/wp-json\/wp\/v2\/pages\/406","targetHints":{"allow":["GET"]}}],"collection":[{"href":"https:\/\/kinasconsulting.org\/pl\/wp-json\/wp\/v2\/pages"}],"about":[{"href":"https:\/\/kinasconsulting.org\/pl\/wp-json\/wp\/v2\/types\/page"}],"author":[{"embeddable":true,"href":"https:\/\/kinasconsulting.org\/pl\/wp-json\/wp\/v2\/users\/1"}],"replies":[{"embeddable":true,"href":"https:\/\/kinasconsulting.org\/pl\/wp-json\/wp\/v2\/comments?post=406"}],"version-history":[{"count":3,"href":"https:\/\/kinasconsulting.org\/pl\/wp-json\/wp\/v2\/pages\/406\/revisions"}],"predecessor-version":[{"id":589,"href":"https:\/\/kinasconsulting.org\/pl\/wp-json\/wp\/v2\/pages\/406\/revisions\/589"}],"wp:attachment":[{"href":"https:\/\/kinasconsulting.org\/pl\/wp-json\/wp\/v2\/media?parent=406"}],"curies":[{"name":"wp","href":"https:\/\/api.w.org\/{rel}","templated":true}]}}