{"id":390,"date":"2023-04-26T16:58:32","date_gmt":"2023-04-26T16:58:32","guid":{"rendered":"https:\/\/kinasconsulting.org\/?page_id=390"},"modified":"2024-04-13T08:27:21","modified_gmt":"2024-04-13T08:27:21","slug":"contact","status":"publish","type":"page","link":"https:\/\/kinasconsulting.org\/pl\/kontakt\/","title":{"rendered":"Kontakt"},"content":{"rendered":"<!--themify_builder_content-->\n<div id=\"themify_builder_content-390\" data-postid=\"390\" class=\"themify_builder_content themify_builder_content-390 themify_builder tf_clear\">\n                    <div  data-lazy=\"1\" class=\"module_row themify_builder_row tb_839m176 tb_first tf_w\">\n                        <div class=\"row_inner col_align_top tb_col_count_1 tf_box tf_rel\">\n                        <div  data-lazy=\"1\" class=\"module_column tb-column col-full tb_qkfs176 first\">\n                    <!-- module text -->\n<div  class=\"module module-text tb_a2op463\" data-lazy=\"1\">\n        <div  class=\"tb_text_wrap\">\n        <p>Uwa\u017camy, \u017ce immunoterapia kom\u00f3rkami dendrytycznymi i szerzej poj\u0119te indywidualne podej\u015bcie zrewolucjonizuj\u0105 leczenie nowotwor\u00f3w w najbli\u017cszych latach, a w niedalekiej przysz\u0142o\u015bci szczepionka dendrytyczna stanie si\u0119 nieod\u0142\u0105czn\u0105 cz\u0119\u015bci\u0105 standardowych protoko\u0142\u00f3w leczenia. Przez ostatnich kilka lat umo\u017cliwili\u015bmy bezpo\u015bredni\u0105 konsultacj\u0119 z lekarzami z Niemiec wielu pacjentom z Polski. Pomagamy w gromadzeniu dokumentacji oraz wspieramy organizowanie wyjazd\u00f3w do Niemiec. Przet\u0142umaczyli\u015bmy stron\u0119 internetow\u0105 kliniki, dzi\u0119ki czemu po raz pierwszy w j\u0119zyku polskim dost\u0119pne s\u0105 szczeg\u00f3\u0142owe informacje odno\u015bnie terapii kom\u00f3rkami dendrytycznymi. Dzielimy si\u0119 wiedz\u0105 odno\u015bnie suplementacji oraz innowacyjnych, naukowo udowodnionych metod leczenia nowotwor\u00f3w.<\/p>\n<p>Zapraszamy do kontaktu mailowego oraz odwiedzenia naszych stron na Facebooku oraz Instagramie.<\/p>    <\/div>\n<\/div>\n<!-- \/module text -->        <\/div>\n                        <\/div>\n        <\/div>\n                        <div  data-css_id=\"8gio293\" data-lazy=\"1\" class=\"module_row themify_builder_row fullwidth tb_8gio293 tf_w\">\n                        <div class=\"row_inner col_align_middle gutter-none tb_col_count_2 tf_box tf_rel\">\n                        <div  data-lazy=\"1\" class=\"module_column tb-column col4-2 tb_2i0c293 first\">\n                            <div  data-lazy=\"1\" class=\"module_subrow themify_builder_sub_row tf_w col_align_top tb_col_count_2 tb_6430293\">\n                <div  data-lazy=\"1\" class=\"module_column sub_column col4-1 tb_nc3y294 first\">\n                            <\/div>\n                    <div  data-lazy=\"1\" class=\"module_column sub_column col4-3 tb_1dbk293 last\">\n                    <!-- module fancy heading -->\n<div  class=\"module module-fancy-heading tb_ajyk680\" data-lazy=\"1\">\n        <h2 class=\"fancy-heading tf_textr\">\n    <span class=\"main-head tf_block\">\n                    Kontakt            <\/span>\n\n    \n    <span class=\"sub-head tf_block tf_rel\">\n                                <\/span>\n    <\/h2>\n<\/div>\n<!-- \/module fancy heading -->\n<!-- module icon -->\n<div  class=\"module module-icon tb_qkeu862    icon_horizontal tf_textr\" data-lazy=\"1\">\n\t\t\t<div class=\"module-icon-item\">\n\t\t\t\t\t\t\t<a href=\"tel:+447547901434\">\n\t\t\t\t\t\t\t\t\t\t\t\t\t\t\t\t\t<em class=\"tf_box\"\n\t\t\t\t\t\t\t\t\t\t\t\t style=\"background-color:#ffffff;color:#117dab\"\t\t\t\t\t><svg  class=\"tf_fa tf-fas-phone\" xmlns:xlink=\"http:\/\/www.w3.org\/1999\/xlink\" aria-hidden=\"true\"><use href=\"#tf-fas-phone\" xlink:href=\"#tf-fas-phone\"><\/use><\/svg><\/em>\n\t\t\t\t\t\t\t\t\t\t\t\t\t\t\t\t\t\t\t<span>+44 7547 901 434<\/span>\n\t\t\t\t\t\t\t\t\t\t\t\t\t\t\t\t\t<\/a>\n\t\t\t\t\t<\/div>\n\t<\/div>\n<!-- \/module icon -->\n<!-- module icon -->\n<div  class=\"module module-icon tb_rquh587    icon_horizontal tf_textr\" data-lazy=\"1\">\n\t\t\t<div class=\"module-icon-item\">\n\t\t\t\t\t\t\t<a href=\"mailto:bart@kinasconsulting.org\">\n\t\t\t\t\t\t\t\t\t\t\t\t\t\t\t\t\t<em class=\"tf_box\"\n\t\t\t\t\t\t\t\t\t\t\t\t style=\"background-color:#ffffff;color:#117dab\"\t\t\t\t\t><svg  class=\"tf_fa tf-ti-email\" xmlns:xlink=\"http:\/\/www.w3.org\/1999\/xlink\" aria-hidden=\"true\"><use href=\"#tf-ti-email\" xlink:href=\"#tf-ti-email\"><\/use><\/svg><\/em>\n\t\t\t\t\t\t\t\t\t\t\t\t\t\t\t\t\t\t\t<span>bart@kinasconsulting.org<\/span>\n\t\t\t\t\t\t\t\t\t\t\t\t\t\t\t\t\t<\/a>\n\t\t\t\t\t<\/div>\n\t<\/div>\n<!-- \/module icon -->\n<!-- module icon -->\n<div  class=\"module module-icon tb_fayy109    icon_horizontal tf_textr\" data-lazy=\"1\">\n\t\t\t<div class=\"module-icon-item\">\n\t\t\t\t\t\t\t<a href=\"https:\/\/facebook.com\/profile.php?id=100093660951884\" target=\"_blank\" rel=\"noopener\">\n\t\t\t\t\t\t\t\t\t\t\t\t\t\t\t\t\t<em class=\"tf_box\"\n\t\t\t\t\t\t\t\t\t\t\t\t style=\"background-color:#ffffff;color:#117dab\"\t\t\t\t\t><svg  class=\"tf_fa tf-ti-facebook\" xmlns:xlink=\"http:\/\/www.w3.org\/1999\/xlink\" aria-hidden=\"true\"><use href=\"#tf-ti-facebook\" xlink:href=\"#tf-ti-facebook\"><\/use><\/svg><\/em>\n\t\t\t\t\t\t\t\t\t\t\t\t\t\t\t\t\t\t\t<span>FB profil: <\/span>\n\t\t\t\t\t\t\t\t\t\t\t\t\t\t\t\t\t<\/a>\n\t\t\t\t\t<\/div>\n\t<\/div>\n<!-- \/module icon -->\n<!-- module icon -->\n<div  class=\"module module-icon tb_qq5i849    icon_horizontal tf_textr\" data-lazy=\"1\">\n\t\t\t<div class=\"module-icon-item\">\n\t\t\t\t\t\t\t<a href=\"https:\/\/instagram.com\/immunotherapyingermany?igshid=Y2I2MzMwZWM3ZA==\" target=\"_blank\" rel=\"noopener\">\n\t\t\t\t\t\t\t\t\t\t\t\t\t\t\t\t\t<em class=\"tf_box\"\n\t\t\t\t\t\t\t\t\t\t\t\t style=\"background-color:#ffffff;color:#117dab\"\t\t\t\t\t><svg  class=\"tf_fa tf-ti-instagram\" xmlns:xlink=\"http:\/\/www.w3.org\/1999\/xlink\" aria-hidden=\"true\"><use href=\"#tf-ti-instagram\" xlink:href=\"#tf-ti-instagram\"><\/use><\/svg><\/em>\n\t\t\t\t\t\t\t\t\t\t\t\t\t\t\t\t\t\t\t<span>IG profil: <\/span>\n\t\t\t\t\t\t\t\t\t\t\t\t\t\t\t\t\t<\/a>\n\t\t\t\t\t<\/div>\n\t<\/div>\n<!-- \/module icon -->\n<!-- module icon -->\n<div  class=\"module module-icon tb_eohm122    icon_horizontal tf_textr\" data-lazy=\"1\">\n\t\t\t<div class=\"module-icon-item\">\n\t\t\t\t\t\t\t<a href=\"https:\/\/facebook.com\/KinasNikos\" target=\"_blank\" rel=\"noopener\">\n\t\t\t\t\t\t\t\t\t\t\t\t\t\t\t\t\t<em class=\"tf_box\"\n\t\t\t\t\t\t\t\t\t\t\t\t style=\"background-color:#ffffff;color:#117dab\"\t\t\t\t\t><svg  class=\"tf_fa tf-ti-facebook\" xmlns:xlink=\"http:\/\/www.w3.org\/1999\/xlink\" aria-hidden=\"true\"><use href=\"#tf-ti-facebook\" xlink:href=\"#tf-ti-facebook\"><\/use><\/svg><\/em>\n\t\t\t\t\t\t\t\t\t\t\t\t\t\t\t\t\t\t\t<span>Fanpage Nikodema na FB<\/span>\n\t\t\t\t\t\t\t\t\t\t\t\t\t\t\t\t\t<\/a>\n\t\t\t\t\t<\/div>\n\t<\/div>\n<!-- \/module icon -->\n<!-- module icon -->\n<div  class=\"module module-icon tb_gwsy960    icon_horizontal tf_textr\" data-lazy=\"1\">\n\t\t\t<div class=\"module-icon-item\">\n\t\t\t\t\t\t\t<a href=\"https:\/\/www.facebook.com\/groups\/immunoterapiawniemczech\/?ref=share_group_link\" target=\"_blank\" rel=\"noopener\">\n\t\t\t\t\t\t\t\t\t\t\t\t\t\t\t\t\t<em class=\"tf_box\"\n\t\t\t\t\t\t\t\t\t\t\t\t style=\"background-color:#ffffff;color:#117dab\"\t\t\t\t\t><svg  class=\"tf_fa tf-ti-facebook\" xmlns:xlink=\"http:\/\/www.w3.org\/1999\/xlink\" aria-hidden=\"true\"><use href=\"#tf-ti-facebook\" xlink:href=\"#tf-ti-facebook\"><\/use><\/svg><\/em>\n\t\t\t\t\t\t\t\t\t\t\t\t\t\t\t\t\t\t\t<span>Grupa na FB<\/span>\n\t\t\t\t\t\t\t\t\t\t\t\t\t\t\t\t\t<\/a>\n\t\t\t\t\t<\/div>\n\t<\/div>\n<!-- \/module icon -->\n        <\/div>\n                    <\/div>\n                <\/div>\n                    <div  data-lazy=\"1\" class=\"module_column tb-column col4-2 tb_melk293 last\">\n                            <div  data-lazy=\"1\" class=\"module_subrow themify_builder_sub_row tf_w col_align_top gutter-narrow tb_col_count_2 tb_31pm293\">\n                <div  data-lazy=\"1\" class=\"module_column sub_column col4-3 tb_r6if293 first\">\n                    <!-- module image -->\n<div  class=\"module module-image tb_batl293 image-top   tf_mw\" data-lazy=\"1\" data-parallax-element-speed=\"1\" data-lax-translate-y=\"vh 1,0 -70\" data-lax=\"true\">\n        <div class=\"image-wrap tf_rel tf_mw\">\n            <img decoding=\"async\" data-src=\"https:\/\/kinasconsulting.org\/wp-content\/uploads\/2023\/07\/K-32-650x400.webp\" width=\"650\" height=\"400\" class=\"wp-post-image wp-image-866 lazyload\" title=\"Kontakt\" alt=\"Kontakt\" data-srcset=\"https:\/\/kinasconsulting.org\/wp-content\/uploads\/2023\/07\/K-32-650x400.webp 650w, https:\/\/kinasconsulting.org\/wp-content\/uploads\/2023\/07\/K-32-18x12.webp 18w\" data-sizes=\"(max-width: 650px) 100vw, 650px\" src=\"data:image\/svg+xml;base64,PHN2ZyB3aWR0aD0iMSIgaGVpZ2h0PSIxIiB4bWxucz0iaHR0cDovL3d3dy53My5vcmcvMjAwMC9zdmciPjwvc3ZnPg==\" style=\"--smush-placeholder-width: 650px; --smush-placeholder-aspect-ratio: 650\/400;\" \/>    \n        <\/div>\n    <!-- \/image-wrap -->\n    \n        <\/div>\n<!-- \/module image -->        <\/div>\n                    <div  data-lazy=\"1\" class=\"module_column sub_column col4-1 tb_b0wl295 last\">\n                            <\/div>\n                    <\/div>\n                <\/div>\n                        <\/div>\n        <\/div>\n                        <div  data-css_id=\"u1cu294\" data-lazy=\"1\" class=\"module_row themify_builder_row fullwidth_row_container tb_u1cu294 tf_w\">\n                        <div class=\"row_inner col_align_top tb_col_count_1 tf_box tf_rel\">\n                        <div  data-lazy=\"1\" class=\"module_column tb-column col-full tb_4b1s294 first\">\n                    <!-- module contact -->\n<div  id=\"tb_oig4634\" class=\"module module-contact tb_oig4634 contact-style2\" data-lazy=\"1\">\n    \n\t<form class=\"builder-contact\"\n\t\tid=\"tb_oig4634-form\"\n\t\tmethod=\"post\"\n\t\tdata-post-id=\"390\"\n\t\tdata-element-id=\"oig4634\"\n\t\tdata-orig-id=\"390\" action=\"\"\n\t>\n    <div class=\"contact-message\"><\/div>\n\t<input type=\"hidden\" id=\"bc_nonce\" name=\"bc_nonce\" value=\"896f393b9a\" \/><input type=\"hidden\" name=\"_wp_http_referer\" value=\"\/pl\/wp-json\/wp\/v2\/pages\/390\" \/>\t<div class=\"builder-contact-fields tf_rel\">\n\t\t    \t\t    <div class=\"builder-contact-field builder-contact-field-name builder-contact-text-field\">\n\t\t\t    <label class=\"control-label\" for=\"tb_oig4634-contact-name\">\n\t\t\t\t\t\t\t\t\t\t<span class=\"tb-label-span\">IMI\u0118 <\/span><span class=\"required\">*<\/span>\t\t\t\t<\/label>\n\t\t\t    <div class=\"control-input tf_rel\">\n\t\t\t\t    \t\t\t\t\t    <input type=\"text\" name=\"contact-name\" placeholder=\"\" id=\"tb_oig4634-contact-name\" value=\"\" class=\"form-control\" required>\n\t\t\t\t    \t\t\t\t    \t\t\t    <\/div>\n\t\t<\/div>\n\t    \n\t\t    \t\t    <div class=\"builder-contact-field builder-contact-field-email builder-contact-text-field\">\n\t\t\t    <label class=\"control-label\" for=\"tb_oig4634-contact-email\">\n\t\t\t\t\t\t\t\t\t\t<span class=\"tb-label-span\">E-mail <\/span><span class=\"required\">*<\/span>\t\t\t\t<\/label>\n\t\t\t    <div class=\"control-input tf_rel\">\n\t\t\t\t    \t\t\t\t\t    <input type=\"email\" name=\"contact-email\" placeholder=\"\" id=\"tb_oig4634-contact-email\" value=\"\" class=\"form-control\" required>\n\t\t\t\t    \t\t\t\t    \t\t\t    <\/div>\n\t\t<\/div>\n\t    \n\t\t    \t\t    <div class=\"builder-contact-field builder-contact-field-subject builder-contact-text-field\">\n\t\t\t    <label class=\"control-label\" for=\"tb_oig4634-contact-subject\">\n\t\t\t\t\t\t\t\t\t\t<span class=\"tb-label-span\">Temat <\/span><span class=\"required\">*<\/span>\t\t\t\t<\/label>\n\t\t\t    <div class=\"control-input tf_rel\">\n\t\t\t\t    \t\t\t\t\t    <input type=\"text\" name=\"contact-subject\" placeholder=\"\" id=\"tb_oig4634-contact-subject\" value=\"\" class=\"form-control\" required>\n\t\t\t\t    \t\t\t\t    \t\t\t    <\/div>\n\t\t<\/div>\n\t    \n\t\t    \t\t    <div class=\"builder-contact-field builder-contact-field-message builder-contact-textarea-field\">\n\t\t\t    <label class=\"control-label\" for=\"tb_oig4634-contact-message\">\n\t\t\t\t\t\t\t\t\t\t<span class=\"tb-label-span\">Wiadomo\u015b\u0107 <\/span>\t\t\t\t<\/label>\n\t\t\t    <div class=\"control-input tf_rel\">\n\t\t\t\t    \t\t\t\t\t    <textarea name=\"contact-message\" placeholder=\"\" id=\"tb_oig4634-contact-message\" class=\"form-control\"><\/textarea>\n\t\t\t\t    \t\t\t\t    \t\t\t    <\/div>\n\t\t<\/div>\n\t    \n\t\t    \t\t<div class=\"builder-contact-field builder-contact-field-sendcopy\">\n\t\t    <div class=\"control-label\">\n\t\t\t\t<div class=\"control-input tf_rel\">\n\t\t\t\t\t<label class=\"send-copy\">\n\t\t\t\t\t\t<input type=\"checkbox\" name=\"contact-sendcopy\" id=\"tb_oig4634-sendcopy\" value=\"1\">\n\t\t\t\t\t\t<span>WY\u015aLIJ KOPI\u0118 DO MNIE<\/span>\n\t\t\t\t\t<\/label>\n\t\t\t\t<\/div>\n\t\t    <\/div>\n\t\t<\/div>\n\t    \t\t\n\t\t\n\t    \t\t\t<div class=\"builder-contact-field builder-contact-field-captcha\">\n\n\t\t\t\t\n\t\t\t\t<div class=\"control-input tf_rel\">\n                    <div class=\"themify_captcha_field\" data-sitekey=\"6Ldgv7kpAAAAAHl7i2g1n-a8yHr6Ge67suThHk8O\" data-ver=\"v3\"><\/div>\t\t\t\t<\/div>\n\n\t\t\t<\/div><!-- .builder-contact-field-captcha -->\n\t    \n\t    <div class=\"builder-contact-field builder-contact-field-send control-input tf_textc tf_clear tf_rel\">\n\t\t\t<button type=\"submit\" class=\"btn btn-primary\">\n\t\t\t\t<span class=\"tf_loader\"><\/span>\t\t\t\t<span class=\"tf_submit_icon\"><\/span> \n\t\t\t\tWy\u015blij\t\t\t<\/button>\n\t    <\/div>\n\t<\/div>\n    <input type=\"hidden\" name=\"trp-form-language\" value=\"pl\"\/><\/form>\n    <\/div>\n<!-- \/module contact -->\n        <\/div>\n                        <\/div>\n        <\/div>\n        <\/div>\n<!--\/themify_builder_content-->","protected":false},"excerpt":{"rendered":"<p>We believe that dendritic cell immunotherapy and a broader concept of personalized approach will revolutionize cancer treatment in the coming years, and in the near future, dendritic cell vaccines will become an integral part of standard treatment protocols. Over the past few years, we have facilitated direct consultations with doctors from Germany for many patients [&hellip;]<\/p>\n","protected":false},"author":1,"featured_media":0,"parent":0,"menu_order":0,"comment_status":"closed","ping_status":"closed","template":"","meta":{"footnotes":""},"class_list":["post-390","page","type-page","status-publish","hentry","has-post-title","has-post-date","has-post-category","has-post-tag","has-post-comment","has-post-author",""],"builder_content":"<p>We believe that dendritic cell immunotherapy and a broader concept of personalized approach will revolutionize cancer treatment in the coming years, and in the near future, dendritic cell vaccines will become an integral part of standard treatment protocols. Over the past few years, we have facilitated direct consultations with doctors from Germany for many patients from UK and other European countries. We assist in gathering documentation and support the organization of trips to Germany. We share knowledge about supplementation and innovative, scientifically proven methods of cancer treatment.<\/p> <p>We invite you to contact us via email and visit our profiles on Facebook and Instagram:<\/p>\n<h2>Contact<br\/><\/h2>\n<a href=\"tel:+447547901434\"> <em style=\"background-color:#ffffff;color:#117dab\" ><svg xmlns:xlink=\"http:\/\/www.w3.org\/1999\/xlink\" aria-hidden=\"true\"><use href=\"#tf-fas-phone\" xlink:href=\"#tf-fas-phone\"><\/use><\/svg><\/em> +44 7547 901 434 <\/a>\n<a href=\"mailto:bart@kinasconsulting.org\"> <em style=\"background-color:#ffffff;color:#117dab\" ><svg xmlns:xlink=\"http:\/\/www.w3.org\/1999\/xlink\" aria-hidden=\"true\"><use href=\"#tf-ti-email\" xlink:href=\"#tf-ti-email\"><\/use><\/svg><\/em> bart@kinasconsulting.org <\/a>\n<a href=\"https:\/\/facebook.com\/profile.php?id=100093660951884\"> <em style=\"background-color:#ffffff;color:#117dab\" ><svg xmlns:xlink=\"http:\/\/www.w3.org\/1999\/xlink\" aria-hidden=\"true\"><use href=\"#tf-ti-facebook\" xlink:href=\"#tf-ti-facebook\"><\/use><\/svg><\/em> FB profile: <\/a>\n<a href=\"https:\/\/instagram.com\/immunotherapyingermany?igshid=Y2I2MzMwZWM3ZA==\"> <em style=\"background-color:#ffffff;color:#117dab\" ><svg xmlns:xlink=\"http:\/\/www.w3.org\/1999\/xlink\" aria-hidden=\"true\"><use href=\"#tf-ti-instagram\" xlink:href=\"#tf-ti-instagram\"><\/use><\/svg><\/em> IG profile: <\/a>\n<a href=\"https:\/\/facebook.com\/KinasNikos\"> <em style=\"background-color:#ffffff;color:#117dab\" ><svg xmlns:xlink=\"http:\/\/www.w3.org\/1999\/xlink\" aria-hidden=\"true\"><use href=\"#tf-ti-facebook\" xlink:href=\"#tf-ti-facebook\"><\/use><\/svg><\/em> Nikodem\u2019s FB fanpage: <\/a>\n<a href=\"https:\/\/www.facebook.com\/groups\/immunoterapiawniemczech\/?ref=share_group_link\"> <em style=\"background-color:#ffffff;color:#117dab\" ><svg xmlns:xlink=\"http:\/\/www.w3.org\/1999\/xlink\" aria-hidden=\"true\"><use href=\"#tf-ti-facebook\" xlink:href=\"#tf-ti-facebook\"><\/use><\/svg><\/em> Grupa na FB <\/a>\n<img src=\"https:\/\/kinasconsulting.org\/wp-content\/uploads\/2023\/07\/K-32-650x400.webp\" width=\"650\" height=\"400\" title=\"Contact\" alt=\"Contact\" srcset=\"https:\/\/kinasconsulting.org\/wp-content\/uploads\/2023\/07\/K-32-650x400.webp 650w, https:\/\/kinasconsulting.org\/wp-content\/uploads\/2023\/07\/K-32-18x12.webp 18w\" sizes=\"(max-width: 650px) 100vw, 650px\" \/>\n<form id=\"tb_oig4634-form\" method=\"post\" data-post-id=\"0\" data-element-id=\"oig4634\" data-orig-id=\"390\" > <input type=\"hidden\" id=\"bc_nonce\" name=\"bc_nonce\" value=\"896f393b9a\" \/><input type=\"hidden\" name=\"_wp_http_referer\" value=\"\/pl\/wp-json\/wp\/v2\/pages\/390\" \/> <label for=\"tb_oig4634-contact-name\"> NAME * <\/label> <input type=\"text\" name=\"contact-name\" placeholder=\"\" id=\"tb_oig4634-contact-name\" value=\"\" required> <label for=\"tb_oig4634-contact-email\"> Email * <\/label> <input type=\"email\" name=\"contact-email\" placeholder=\"\" id=\"tb_oig4634-contact-email\" value=\"\" required> <label for=\"tb_oig4634-contact-subject\"> Subject * <\/label> <input type=\"text\" name=\"contact-subject\" placeholder=\"\" id=\"tb_oig4634-contact-subject\" value=\"\" required> <label for=\"tb_oig4634-contact-message\"> Message <\/label> <textarea name=\"contact-message\" placeholder=\"\" id=\"tb_oig4634-contact-message\"><\/textarea> <label> <input type=\"checkbox\" name=\"contact-sendcopy\" id=\"tb_oig4634-sendcopy\" value=\"1\"> Send a copy to myself <\/label> \n \n <button type=\"submit\"> Send <\/button> <\/form>","_links":{"self":[{"href":"https:\/\/kinasconsulting.org\/pl\/wp-json\/wp\/v2\/pages\/390","targetHints":{"allow":["GET"]}}],"collection":[{"href":"https:\/\/kinasconsulting.org\/pl\/wp-json\/wp\/v2\/pages"}],"about":[{"href":"https:\/\/kinasconsulting.org\/pl\/wp-json\/wp\/v2\/types\/page"}],"author":[{"embeddable":true,"href":"https:\/\/kinasconsulting.org\/pl\/wp-json\/wp\/v2\/users\/1"}],"replies":[{"embeddable":true,"href":"https:\/\/kinasconsulting.org\/pl\/wp-json\/wp\/v2\/comments?post=390"}],"version-history":[{"count":75,"href":"https:\/\/kinasconsulting.org\/pl\/wp-json\/wp\/v2\/pages\/390\/revisions"}],"predecessor-version":[{"id":1076,"href":"https:\/\/kinasconsulting.org\/pl\/wp-json\/wp\/v2\/pages\/390\/revisions\/1076"}],"wp:attachment":[{"href":"https:\/\/kinasconsulting.org\/pl\/wp-json\/wp\/v2\/media?parent=390"}],"curies":[{"name":"wp","href":"https:\/\/api.w.org\/{rel}","templated":true}]}}