{"id":380,"date":"2023-04-26T16:36:51","date_gmt":"2023-04-26T16:36:51","guid":{"rendered":"https:\/\/kinasconsulting.org\/?page_id=380"},"modified":"2023-05-04T11:30:45","modified_gmt":"2023-05-04T11:30:45","slug":"about","status":"publish","type":"page","link":"https:\/\/kinasconsulting.org\/pl\/about\/","title":{"rendered":"O nas"},"content":{"rendered":"<!--themify_builder_content-->\n<div id=\"themify_builder_content-380\" data-postid=\"380\" class=\"themify_builder_content themify_builder_content-380 themify_builder tf_clear\">\n                    <div  data-css_id=\"olkb325\" data-lazy=\"1\" class=\"module_row themify_builder_row fullwidth_row_container tb_olkb325 tb_first tf_w wow\" data-tf-animation=\"fadeIn\">\n            <span  class=\"builder_row_cover tf_abs\" data-lazy=\"1\"><\/span>            <div class=\"row_inner col_align_top tb_col_count_1 tf_box tf_rel\">\n                        <div  data-lazy=\"1\" class=\"module_column tb-column col-full tb_goiy325 first\">\n                    <!-- module text -->\n<div  class=\"module module-text tb_8gsh325    wow\" data-tf-animation=\"fadeInUp\" data-lazy=\"1\">\n        <div  class=\"tb_text_wrap\">\n        <h1>O nas<\/h1>    <\/div>\n<\/div>\n<!-- \/module text -->        <\/div>\n                        <\/div>\n        <\/div>\n                        <div  data-lazy=\"1\" class=\"module_row themify_builder_row tb_llmg326 tf_w\">\n                        <div class=\"row_inner col_align_middle tb_col_count_2 tf_box tf_rel\">\n                        <div  data-lazy=\"1\" class=\"module_column tb-column col4-2 tb_5j7x326 first\">\n                    <!-- module image -->\n<div  class=\"module module-image tb_hfwn326 image-center   tf_mw wow\" data-tf-animation=\"fadeInLeft\" data-lazy=\"1\">\n        <div class=\"image-wrap tf_rel tf_mw\">\n            <img decoding=\"async\" data-src=\"https:\/\/kinasconsulting.org\/wp-content\/uploads\/2023\/05\/31-500x400.webp\" width=\"500\" height=\"400\" class=\"wp-post-image wp-image-521 lazyload\" title=\"31\" alt=\"31\" src=\"data:image\/svg+xml;base64,PHN2ZyB3aWR0aD0iMSIgaGVpZ2h0PSIxIiB4bWxucz0iaHR0cDovL3d3dy53My5vcmcvMjAwMC9zdmciPjwvc3ZnPg==\" style=\"--smush-placeholder-width: 500px; --smush-placeholder-aspect-ratio: 500\/400;\">    \n        <\/div>\n    <!-- \/image-wrap -->\n    \n        <\/div>\n<!-- \/module image -->        <\/div>\n                    <div  data-lazy=\"1\" class=\"module_column tb-column col4-2 tb_0c6y326 last\">\n                    <!-- module text -->\n<div  class=\"module module-text tb_nrxc326    wow\" data-tf-animation=\"fadeInRight\" data-lazy=\"1\">\n        <div  class=\"tb_text_wrap\">\n        <p><span style=\"font-weight: 400;\">Jeste\u015bmy by\u0142ymi podopiecznymi i jedynymi przedstawicielami kliniki IOZK w Polsce. Obecnie \u015bci\u015ble wsp\u00f3\u0142pracujemy z t\u0105 klinik\u0105 oraz po raz pierwszy w j\u0119zyku polskim udost\u0119pniamy szczeg\u00f3\u0142owe informacje odno\u015bnie terapii szczepionk\u0105 dendrytyczn\u0105.\u00a0<\/span><\/p>\n<p><span style=\"font-weight: 400;\">Motywacj\u0105 do powstania naszej dzia\u0142alno\u015bci by\u0142y korzy\u015bci, jakie leczenie przynios\u0142o cz\u0142onkowi\nnaszej rodziny oraz potrzeba u\u015bwiadamiania Polak\u00f3w odno\u015bnie innowacyjnych, naukowo\nudowodnionych metod leczenia nowotwor\u00f3w, a tak\u017ce u\u0142atwienie im dost\u0119pu do tego typu\nleczenia. Klinika IOZK w Kolonii jest pionierem w terapiach takich jak szczepionka dendrytyczna (DCT), hipertermia, newcastle disease virus\n(NDV) i innych.<\/span><\/p>\n    <\/div>\n<\/div>\n<!-- \/module text -->        <\/div>\n                        <\/div>\n        <\/div>\n                        <div  data-lazy=\"1\" class=\"module_row themify_builder_row tb_kkt3326 tf_w\">\n                        <div class=\"row_inner col_align_middle tb_col_count_2 tf_box tf_rel\">\n                        <div  data-lazy=\"1\" class=\"module_column tb-column col4-2 tb_1gch326 first\">\n                    <!-- module text -->\n<div  class=\"module module-text tb_ojrk326    wow\" data-tf-animation=\"fadeInLeft\" data-lazy=\"1\">\n        <div  class=\"tb_text_wrap\">\n        <h3>Oferujemy:<\/h3>\n<ul>\n<li>\n<p>wst\u0119pn\u0105 konsultacj\u0119 w zakresie kwalifikacji do leczenia i jego przebiegu<\/p>\n<\/li>\n<li>\n<p>wsparcie w zakresie kompletowania i t\u0142umaczenia dokumentacji medycznej<\/p>\n<\/li>\n<li>\n<p>pomoc w organizacji zbi\u00f3rki na leczenie<\/p>\n<\/li>\n<li>\n<p>wsparcie w organizacji wyjazdu do kliniki oraz video-konferencje z polskim t\u0142umaczeniem podczas leczenia<\/p>\n<\/li>\n<\/ul>    <\/div>\n<\/div>\n<!-- \/module text -->        <\/div>\n                    <div  data-lazy=\"1\" class=\"module_column tb-column col4-2 tb_mmmb326 last\">\n                    <!-- module image -->\n<div  class=\"module module-image tb_zse9326 image-top   tf_mw wow\" data-tf-animation=\"fadeInRight\" data-lazy=\"1\">\n        <div class=\"image-wrap tf_rel tf_mw\">\n            <img decoding=\"async\" data-src=\"https:\/\/kinasconsulting.org\/wp-content\/uploads\/2023\/05\/30-500x400.webp\" width=\"500\" height=\"400\" class=\"wp-post-image wp-image-522 lazyload\" title=\"30\" alt=\"30\" src=\"data:image\/svg+xml;base64,PHN2ZyB3aWR0aD0iMSIgaGVpZ2h0PSIxIiB4bWxucz0iaHR0cDovL3d3dy53My5vcmcvMjAwMC9zdmciPjwvc3ZnPg==\" style=\"--smush-placeholder-width: 500px; --smush-placeholder-aspect-ratio: 500\/400;\">    \n        <\/div>\n    <!-- \/image-wrap -->\n    \n        <\/div>\n<!-- \/module image -->        <\/div>\n                        <\/div>\n        <\/div>\n        <\/div>\n<!--\/themify_builder_content-->","protected":false},"excerpt":{"rendered":"<p>O nas<\/p>","protected":false},"author":1,"featured_media":0,"parent":0,"menu_order":0,"comment_status":"closed","ping_status":"closed","template":"","meta":{"footnotes":""},"class_list":["post-380","page","type-page","status-publish","hentry","has-post-title","has-post-date","has-post-category","has-post-tag","has-post-comment","has-post-author",""],"builder_content":"<h1>About Us<\/h1>\n<img src=\"https:\/\/kinasconsulting.org\/wp-content\/uploads\/2023\/05\/31-500x400.webp\" width=\"500\" height=\"400\" title=\"31\" alt=\"31\">\n<p>We are former charges of a renowned German immuno-oncology clinic IOZK located in Cologne. The clinic is the pioneer in therapies such as the dendritic cell vaccine (DCT), hyperthermia, newcastle disease virus and others.\u00a0<\/p> <p>Motivation to rise of this family initiative were the great benefits that the treatment brought to a member of our family and best experience at the clinic throughout the treatment.\u00a0 We feel the need to make more patients\u00a0 aware of this\u00a0 innovative, scientifically proven methods of cancer treatment, as well as facilitating the access to this type of treatment. We are now closely cooperating\u00a0 with the IOZK to deliver the most accurate information about the therapy provided at the clinic.<\/p>\n<h3>We offer:<\/h3> <ul> <li> <p>pre-consultation regarding qualifications for treatment and its course<\/p> <\/li> <li> <p>support in completing and translating medical documentation<\/p> <\/li> <li> <p>support in organizing trips to the clinic<\/p> <\/li> <li> <p>help in starting a fundraiser for treatment<\/p> <\/li> <\/ul>\n<img src=\"https:\/\/kinasconsulting.org\/wp-content\/uploads\/2023\/05\/30-500x400.webp\" width=\"500\" height=\"400\" title=\"30\" alt=\"30\">","_links":{"self":[{"href":"https:\/\/kinasconsulting.org\/pl\/wp-json\/wp\/v2\/pages\/380","targetHints":{"allow":["GET"]}}],"collection":[{"href":"https:\/\/kinasconsulting.org\/pl\/wp-json\/wp\/v2\/pages"}],"about":[{"href":"https:\/\/kinasconsulting.org\/pl\/wp-json\/wp\/v2\/types\/page"}],"author":[{"embeddable":true,"href":"https:\/\/kinasconsulting.org\/pl\/wp-json\/wp\/v2\/users\/1"}],"replies":[{"embeddable":true,"href":"https:\/\/kinasconsulting.org\/pl\/wp-json\/wp\/v2\/comments?post=380"}],"version-history":[{"count":30,"href":"https:\/\/kinasconsulting.org\/pl\/wp-json\/wp\/v2\/pages\/380\/revisions"}],"predecessor-version":[{"id":571,"href":"https:\/\/kinasconsulting.org\/pl\/wp-json\/wp\/v2\/pages\/380\/revisions\/571"}],"wp:attachment":[{"href":"https:\/\/kinasconsulting.org\/pl\/wp-json\/wp\/v2\/media?parent=380"}],"curies":[{"name":"wp","href":"https:\/\/api.w.org\/{rel}","templated":true}]}}