{"id":147,"date":"2018-05-25T20:19:29","date_gmt":"2018-05-25T20:19:29","guid":{"rendered":"https:\/\/kinasconsulting.org\/home\/"},"modified":"2023-05-24T17:17:49","modified_gmt":"2023-05-24T17:17:49","slug":"home","status":"publish","type":"page","link":"https:\/\/kinasconsulting.org\/pl\/dom\/","title":{"rendered":"Strona g\u0142\u00f3wna"},"content":{"rendered":"<!--themify_builder_content-->\n<div id=\"themify_builder_content-147\" data-postid=\"147\" class=\"themify_builder_content themify_builder_content-147 themify_builder tf_clear\">\n                    <div  data-css_id=\"c5yf170\" data-lazy=\"1\" class=\"module_row themify_builder_row fullwidth_row_container tb_c5yf170 tb_first tf_w\">\n            <span  class=\"builder_row_cover tf_abs\" data-lazy=\"1\"><\/span><span class=\"tb_row_frame_wrap tf_overflow tf_abs\" data-lazy=\"1\"><span class=\"tb_row_frame tb_row_frame_bottom  tf_abs tf_hide tf_overflow tf_w\"><\/span><\/span>            <div class=\"row_inner col_align_top tb_col_count_1 tf_box tf_rel\">\n                        <div  data-lazy=\"1\" class=\"module_column tb-column col-full tb_j5vx171 first\">\n                    <!-- module text -->\n<div  class=\"module module-text tb_ye3e171  repeat\" data-lazy=\"1\">\n        <div  class=\"tb_text_wrap\">\n        <h1>Immunoterapia Kom\u00f3rkami Dendrytycznymi<\/h1>\n<h3>Nowe Podej\u015bcie Do Walki z Nowotworem<\/h3>    <\/div>\n<\/div>\n<!-- \/module text -->        <\/div>\n                        <\/div>\n        <\/div>\n                        <div  data-anchor=\"about\" data-css_id=\"ki24170\" data-lazy=\"1\" class=\"module_row themify_builder_row fullwidth tb_has_section tb_section-about tb_ki24170 tf_w\">\n                        <div class=\"row_inner col_align_middle gutter-none tb_col_count_2 tf_box tf_rel\">\n                        <div  data-lazy=\"1\" class=\"module_column tb-column col4-2 tb_on7y172 first\">\n                    <!-- module fancy heading -->\n<div  class=\"module module-fancy-heading tb_pjqs28\" data-lazy=\"1\">\n        <h2 class=\"fancy-heading\">\n    <span class=\"main-head tf_block\">\n                    Nowa Perspektywa w Terapii Nowotwor\u00f3w            <\/span>\n\n    \n    <span class=\"sub-head tf_block tf_rel\">\n                                <\/span>\n    <\/h2>\n<\/div>\n<!-- \/module fancy heading -->\n<!-- module text -->\n<div  class=\"module module-text tb_zp8i153  repeat\" data-lazy=\"1\">\n        <div  class=\"tb_text_wrap\">\n        <p><span style=\"font-weight: 400;\">Walka z nowotworami przy u\u017cyciu w\u0142asnego uk\u0142adu odporno\u015bciowego pacjenta by\u0142a od\nstuleci jedynie marzeniem. Do jego spe\u0142nienia przybli\u017cy\u0142o nas w latach 90. XX wieku odkrycie\nmo\u017cliwo\u015bci hodowania kom\u00f3rek dendrytycznych. Za to odkrycie \u201eojciec wsp\u00f3\u0142czesnej\nimmunoterapii\u201d profesor Ralph Steinmann zosta\u0142 uhonorowany w 2011 roku nagrod\u0105 Nobla\nw dziedzinie medycyny.<\/span><\/p>\n<p><span style=\"font-weight: 400;\">Immunoterapia dendrytyczna (DCT) jest przez ostatnie dziesi\u0119ciolecia obiektem\nzintensyfikowanych bada\u0144 na ca\u0142ym \u015bwiecie. Wykorzystywana jest w badaniach oraz coraz\ncz\u0119\u015bciej stosowana w wielu klinikach terapeutycznych na ca\u0142ym \u015bwiecie. Na jej temat zosta\u0142o\nopublikowanych ponad 7\u00a0000 prac naukowych, a w niekt\u00f3rych krajach, takich jak USA,\nzosta\u0142a zatwierdzona jako metoda leczenia.<\/span><\/p>    <\/div>\n<\/div>\n<!-- \/module text --><!-- module buttons -->\n<div  class=\"module module-buttons tb_twx4211 buttons-horizontal solid  small\" data-lazy=\"1\">\n        <div class=\"module-buttons-item tf_in_flx\">\n                        <a href=\"https:\/\/kinasconsulting.org\/pl\/main-more\/\" class=\"ui builder_button tf_in_flx transparent\" >\n                                                Czytaj wi\u0119cej ...                                        <\/a>\n                <\/div>\n            <\/div>\n<!-- \/module buttons -->\n        <\/div>\n                    <div  data-lazy=\"1\" class=\"module_column tb-column col4-2 tb_1415172 last\">\n                    <!-- module image -->\n<div  class=\"module module-image tb_hscb172 image-center   tf_mw\" data-lazy=\"1\" data-lax-translate-y=\"(vh*1) 0,(vh*0) -70\" data-lax=\"true\">\n        <div class=\"image-wrap tf_rel tf_mw\">\n            <img decoding=\"async\" data-src=\"https:\/\/kinasconsulting.org\/wp-content\/uploads\/2023\/05\/Kins-13-900x900.webp\" width=\"900\" height=\"900\" class=\"wp-post-image wp-image-528 lazyload\" title=\"Kins 13\" alt=\"Kins 13\" data-srcset=\"https:\/\/kinasconsulting.org\/wp-content\/uploads\/2023\/05\/Kins-13-900x900.webp 900w, https:\/\/kinasconsulting.org\/wp-content\/uploads\/2023\/05\/Kins-13-300x300.webp 300w, https:\/\/kinasconsulting.org\/wp-content\/uploads\/2023\/05\/Kins-13-150x150.webp 150w, https:\/\/kinasconsulting.org\/wp-content\/uploads\/2023\/05\/Kins-13-768x768.webp 768w, https:\/\/kinasconsulting.org\/wp-content\/uploads\/2023\/05\/Kins-13-12x12.webp 12w, https:\/\/kinasconsulting.org\/wp-content\/uploads\/2023\/05\/Kins-13.webp 1000w\" data-sizes=\"(max-width: 900px) 100vw, 900px\" src=\"data:image\/svg+xml;base64,PHN2ZyB3aWR0aD0iMSIgaGVpZ2h0PSIxIiB4bWxucz0iaHR0cDovL3d3dy53My5vcmcvMjAwMC9zdmciPjwvc3ZnPg==\" style=\"--smush-placeholder-width: 900px; --smush-placeholder-aspect-ratio: 900\/900;\" \/>    \n        <\/div>\n    <!-- \/image-wrap -->\n    \n        <\/div>\n<!-- \/module image -->        <\/div>\n                        <\/div>\n        <\/div>\n                        <div  data-tablet-padding=\"10%,10%\" data-mobile-padding=\"5%,5%\" data-desktop-padding=\"10%,10%\" data-anchor=\"clients\" data-css_id=\"nyh2170\" data-lazy=\"1\" class=\"module_row themify_builder_row fullwidth_row_container tb_has_section tb_section-clients tb_nyh2170 tf_w\">\n            <span  class=\"builder_row_cover tf_abs\" data-lazy=\"1\"><\/span><span class=\"tb_row_frame_wrap tf_overflow tf_abs\" data-lazy=\"1\"><span class=\"tb_row_frame tb_row_frame_top  tf_abs tf_hide tf_overflow tf_w\"><\/span><\/span>            <div class=\"row_inner col_align_top gutter-none tb_col_count_2 tf_box tf_rel\">\n                        <div  data-lazy=\"1\" class=\"module_column tb-column col4-2 tb_kv9h173 first\">\n                            <\/div>\n                    <div  data-lazy=\"1\" class=\"module_column tb-column col4-2 tb_aez6942 last\">\n        <span  class=\"builder_row_cover tf_abs\" data-lazy=\"1\"><\/span>                    <div  data-lazy=\"1\" class=\"module_subrow themify_builder_sub_row tf_w col_align_top tb_col_count_1 tb_sg50416\">\n                <div  data-lazy=\"1\" class=\"module_column sub_column col-full tb_ygrg416 first\">\n                    <!-- module fancy heading -->\n<div  class=\"module module-fancy-heading tb_oh3w816\" data-lazy=\"1\">\n        <h2 class=\"fancy-heading tf_textc\">\n    <span class=\"main-head tf_block\">\n                    Kompleksowa kombinacja            <\/span>\n\n    \n    <span class=\"sub-head tf_block tf_rel\">\n                                <\/span>\n    <\/h2>\n<\/div>\n<!-- \/module fancy heading -->\n<!-- module text -->\n<div  class=\"module module-text tb_1vyz995  repeat\" data-lazy=\"1\">\n        <div  class=\"tb_text_wrap\">\n        <p style=\"text-align: center;\">Nasza spersonalizowana immunoterapia jest ukierunkowana na guz bez niszczenia zdrowych\nkom\u00f3rek. Osi\u0105gamy to poprzez \u0142\u0105czenie r\u00f3\u017cnych metod leczenia.<\/p>    <\/div>\n<\/div>\n<!-- \/module text --><!-- module buttons -->\n<div  class=\"module module-buttons tb_kfc4474 buttons-horizontal solid  small\" data-lazy=\"1\">\n        <div class=\"module-buttons-item tf_in_flx\">\n                        <a href=\"https:\/\/kinasconsulting.org\/pl\/terapia-2\/\" class=\"ui builder_button tf_in_flx transparent\" >\n                                                Czytaj wi\u0119cej ...                                        <\/a>\n                <\/div>\n            <\/div>\n<!-- \/module buttons -->\n        <\/div>\n                    <\/div>\n                <\/div>\n                        <\/div>\n        <\/div>\n                        <div  data-anchor=\"features\" data-css_id=\"27i5170\" data-lazy=\"1\" class=\"module_row themify_builder_row fullwidth tb_has_section tb_section-features tb_27i5170 tf_w\">\n                        <div class=\"row_inner col_align_middle tb_col_count_2 tf_box tf_rel\">\n                        <div  data-lazy=\"1\" class=\"module_column tb-column col4-2 tb_emkj175 first\">\n                    <!-- module image -->\n<div  class=\"module module-image tb_an97236 image-top   tf_mw\" data-lazy=\"1\">\n        <div class=\"image-wrap tf_rel tf_mw\">\n            <img decoding=\"async\" data-src=\"https:\/\/kinasconsulting.org\/wp-content\/uploads\/2023\/04\/10-1024x682-1000x700.jpg\" width=\"1000\" height=\"700\" class=\"wp-post-image wp-image-177 lazyload\" title=\"10\" alt=\"10\" data-srcset=\"https:\/\/kinasconsulting.org\/wp-content\/uploads\/2023\/04\/10-1024x682-1000x700.jpg 1000w, https:\/\/kinasconsulting.org\/wp-content\/uploads\/2023\/04\/10-18x12.jpg 18w\" data-sizes=\"(max-width: 1000px) 100vw, 1000px\" src=\"data:image\/svg+xml;base64,PHN2ZyB3aWR0aD0iMSIgaGVpZ2h0PSIxIiB4bWxucz0iaHR0cDovL3d3dy53My5vcmcvMjAwMC9zdmciPjwvc3ZnPg==\" style=\"--smush-placeholder-width: 1000px; --smush-placeholder-aspect-ratio: 1000\/700;\" \/>    \n        <\/div>\n    <!-- \/image-wrap -->\n    \n        <\/div>\n<!-- \/module image -->        <\/div>\n                    <div  data-lazy=\"1\" class=\"module_column tb-column col4-2 tb_9q5p8 last\">\n                    <!-- module fancy heading -->\n<div  class=\"module module-fancy-heading tb_xg7y957\" data-lazy=\"1\">\n        <h2 class=\"fancy-heading\">\n    <span class=\"main-head tf_block\">\n                    Nowoczesna terapia nowotwor\u00f3w w sercu Kolonii            <\/span>\n\n    \n    <span class=\"sub-head tf_block tf_rel\">\n                                <\/span>\n    <\/h2>\n<\/div>\n<!-- \/module fancy heading -->\n<!-- module text -->\n<div  class=\"module module-text tb_mqmo216\" data-lazy=\"1\">\n        <div  class=\"tb_text_wrap\">\n        <p>Nasza klinika posiada w\u0142asne laboratorium i znajduje si\u0119 w centrum Kolonii w Niemczech.\nNasze rozbudowane centrum zabiegowe sk\u0142ada si\u0119 z gabinet\u00f3w bada\u0144 i konsultacji, sal\nkonferencyjnych, gabinet\u00f3w oraz nowoczesnych laboratori\u00f3w o najwy\u017cszym standardzie.<\/p>    <\/div>\n<\/div>\n<!-- \/module text --><!-- module buttons -->\n<div  class=\"module module-buttons tb_yw02700 buttons-horizontal solid  small\" data-lazy=\"1\">\n        <div class=\"module-buttons-item tf_in_flx\">\n                        <a href=\"https:\/\/kinasconsulting.org\/pl\/informacje-o-klinice-i-leczeniu\/\" class=\"ui builder_button tf_in_flx transparent\" >\n                                                Czytaj wi\u0119cej ...                                        <\/a>\n                <\/div>\n            <\/div>\n<!-- \/module buttons -->\n        <\/div>\n                        <\/div>\n        <\/div>\n                        <div  data-anchor=\"pricing\" data-css_id=\"pf93170\" data-lazy=\"1\" class=\"module_row themify_builder_row fullwidth_row_container tb_has_section tb_section-pricing tb_pf93170 tf_w\">\n            <span class=\"tb_row_frame_wrap tf_overflow tf_abs\" data-lazy=\"1\"><span class=\"tb_row_frame tb_row_frame_top  tf_abs tf_hide tf_overflow tf_w\"><\/span><\/span>            <div class=\"row_inner col_align_top tb_col_count_1 tf_box tf_rel\">\n                        <div  data-lazy=\"1\" class=\"module_column tb-column col-full tb_0ede178 first\">\n                            <div  data-lazy=\"1\" class=\"module_subrow themify_builder_sub_row tf_w col_align_top tb_col_count_1 tb_101192\">\n                <div  data-lazy=\"1\" class=\"module_column sub_column col-full tb_126j92 first\">\n                    <!-- module fancy heading -->\n<div  class=\"module module-fancy-heading tb_n1p4855\" data-lazy=\"1\">\n        <h2 class=\"fancy-heading\">\n    <span class=\"main-head tf_block\">\n                    O nas\/Kontakt            <\/span>\n\n    \n    <span class=\"sub-head tf_block tf_rel\">\n                                <\/span>\n    <\/h2>\n<\/div>\n<!-- \/module fancy heading -->\n<!-- module text -->\n<div  class=\"module module-text tb_dmmr498\" data-lazy=\"1\">\n        <div  class=\"tb_text_wrap\">\n        <p>Jeste\u015bmy by\u0142ymi podopiecznymi i jedynymi przedstawicielami kliniki IOZK w Polsce. Obecnie \u015bci\u015ble wsp\u00f3\u0142pracujemy z t\u0105 klinik\u0105 oraz po raz pierwszy w j\u0119zyku polskim udost\u0119pniamy szczeg\u00f3\u0142owe informacje odno\u015bnie terapii szczepionk\u0105 dendrytyczn\u0105.<\/p>    <\/div>\n<\/div>\n<!-- \/module text --><!-- module contact -->\n<div  id=\"tb_3hys179\" class=\"module module-contact tb_3hys179 contact-animated-label\" data-lazy=\"1\">\n    \n\t<form class=\"builder-contact\"\n\t\tid=\"tb_3hys179-form\"\n\t\tmethod=\"post\"\n\t\tdata-post-id=\"147\"\n\t\tdata-element-id=\"3hys179\"\n\t\tdata-orig-id=\"147\" action=\"\"\n\t>\n    <div class=\"contact-message\"><\/div>\n\t<input type=\"hidden\" id=\"bc_nonce\" name=\"bc_nonce\" value=\"896f393b9a\" \/><input type=\"hidden\" name=\"_wp_http_referer\" value=\"\/pl\/wp-json\/wp\/v2\/pages\/147\" \/>\t<div class=\"builder-contact-fields tf_rel\">\n\t\t    \t\t    <div class=\"builder-contact-field builder-contact-field-name builder-contact-text-field\">\n\t\t\t    <label class=\"control-label\" for=\"tb_3hys179-contact-name\">\n\t\t\t\t\t\t\t\t\t\t<span class=\"tb-label-span\">Imi\u0119 <\/span>\t\t\t\t<\/label>\n\t\t\t    <div class=\"control-input tf_rel\">\n\t\t\t\t    \t\t\t\t\t    <input type=\"text\" name=\"contact-name\" placeholder=\" \" id=\"tb_3hys179-contact-name\" value=\"\" class=\"form-control\" >\n\t\t\t\t    \t\t\t\t    \t\t\t\t\t    <span class=\"tb_contact_label\">\n\t\t\t\t\t\t    <span class=\"tb-label-span\">Imi\u0119 <\/span>\t\t\t\t\t    <\/span>\n\t\t\t\t    \t\t\t    <\/div>\n\t\t<\/div>\n\t    \n\t\t    \t\t    <div class=\"builder-contact-field builder-contact-field-email builder-contact-text-field\">\n\t\t\t    <label class=\"control-label\" for=\"tb_3hys179-contact-email\">\n\t\t\t\t\t\t\t\t\t\t<span class=\"tb-label-span\">Email <\/span>\t\t\t\t<\/label>\n\t\t\t    <div class=\"control-input tf_rel\">\n\t\t\t\t    \t\t\t\t\t    <input type=\"email\" name=\"contact-email\" placeholder=\" \" id=\"tb_3hys179-contact-email\" value=\"\" class=\"form-control\" >\n\t\t\t\t    \t\t\t\t    \t\t\t\t\t    <span class=\"tb_contact_label\">\n\t\t\t\t\t\t    <span class=\"tb-label-span\">Email <\/span>\t\t\t\t\t    <\/span>\n\t\t\t\t    \t\t\t    <\/div>\n\t\t<\/div>\n\t    \n\t\t    \t\t    <div class=\"builder-contact-field builder-contact-field-subject builder-contact-text-field\">\n\t\t\t    <label class=\"control-label\" for=\"tb_3hys179-contact-subject\">\n\t\t\t\t\t\t\t\t\t\t<span class=\"tb-label-span\">Temat <\/span><span class=\"required\">*<\/span>\t\t\t\t<\/label>\n\t\t\t    <div class=\"control-input tf_rel\">\n\t\t\t\t    \t\t\t\t\t    <input type=\"text\" name=\"contact-subject\" placeholder=\" \" id=\"tb_3hys179-contact-subject\" value=\"\" class=\"form-control\" required>\n\t\t\t\t    \t\t\t\t    \t\t\t\t\t    <span class=\"tb_contact_label\">\n\t\t\t\t\t\t    <span class=\"tb-label-span\">Temat <\/span><span class=\"required\">*<\/span>\t\t\t\t\t    <\/span>\n\t\t\t\t    \t\t\t    <\/div>\n\t\t<\/div>\n\t    \n\t\t    \t\t    <div class=\"builder-contact-field builder-contact-field-message builder-contact-textarea-field\">\n\t\t\t    <label class=\"control-label\" for=\"tb_3hys179-contact-message\">\n\t\t\t\t\t\t\t\t\t\t<span class=\"tb-label-span\">Wiadomo\u015b\u0107 <\/span>\t\t\t\t<\/label>\n\t\t\t    <div class=\"control-input tf_rel\">\n\t\t\t\t    \t\t\t\t\t    <textarea name=\"contact-message\" placeholder=\" \" id=\"tb_3hys179-contact-message\" class=\"form-control\"><\/textarea>\n\t\t\t\t    \t\t\t\t    \t\t\t\t\t    <span class=\"tb_contact_label\">\n\t\t\t\t\t\t    <span class=\"tb-label-span\">Wiadomo\u015b\u0107 <\/span>\t\t\t\t\t    <\/span>\n\t\t\t\t    \t\t\t    <\/div>\n\t\t<\/div>\n\t    \n\t\t    \t\t\n\t\t\n\t    \n\t    <div class=\"builder-contact-field builder-contact-field-send control-input tf_textc tf_clear tf_rel\">\n\t\t\t<button type=\"submit\" class=\"btn btn-primary\">\n\t\t\t\t<span class=\"tf_loader\"><\/span>\t\t\t\t<span class=\"tf_submit_icon\"><\/span> \n\t\t\t\tWy\u015blij\t\t\t<\/button>\n\t    <\/div>\n\t<\/div>\n    <input type=\"hidden\" name=\"trp-form-language\" value=\"pl\"\/><\/form>\n    <\/div>\n<!-- \/module contact -->\n        <\/div>\n                    <\/div>\n                <div  data-lazy=\"1\" class=\"module_subrow themify_builder_sub_row tf_w col_align_top tb_col_count_2 tb_h81r473\">\n                <div  data-lazy=\"1\" class=\"module_column sub_column col4-2 tb_nieh474 first\">\n                    <!-- module icon -->\n<div  class=\"module module-icon tb_xq9m777  normal circle icon_horizontal\" data-lazy=\"1\">\n\t\t\t<div class=\"module-icon-item\">\n\t\t\t\t\t\t\t<a href=\"https:\/\/www.facebook.com\/immunoterapiawniemczech\" target=\"_blank\" rel=\"noopener\">\n\t\t\t\t\t\t\t\t\t\t\t\t\t\t\t\t\t<em class=\"tf_box\"\n\t\t\t\t\t\t\t\t\t\t\t\t style=\"background-color:rgba(255,255,255, 0);color:#ffffff\"\t\t\t\t\t><svg  class=\"tf_fa tf-ti-facebook\" xmlns:xlink=\"http:\/\/www.w3.org\/1999\/xlink\" aria-hidden=\"true\"><use href=\"#tf-ti-facebook\" xlink:href=\"#tf-ti-facebook\"><\/use><\/svg><\/em>\n\t\t\t\t\t\t\t\t\t\t\t\t\t\t\t\t\t\t\t<span>Immunoterapia w Niemczech<\/span>\n\t\t\t\t\t\t\t\t\t\t\t\t\t\t\t\t\t<\/a>\n\t\t\t\t\t<\/div>\n\t<\/div>\n<!-- \/module icon -->\n        <\/div>\n                    <div  data-lazy=\"1\" class=\"module_column sub_column col4-2 tb_kp9m793 last\">\n                    <!-- module icon -->\n<div  class=\"module module-icon tb_0o3b264  normal circle icon_horizontal\" data-lazy=\"1\">\n\t\t\t<div class=\"module-icon-item\">\n\t\t\t\t\t\t\t<a href=\"https:\/\/www.facebook.com\/groups\/immunoterapiawniemczech\/?ref=share_group_link\" target=\"_blank\" rel=\"noopener\">\n\t\t\t\t\t\t\t\t\t\t\t\t\t\t\t\t\t<em class=\"tf_box\"\n\t\t\t\t\t\t\t\t\t\t\t\t style=\"background-color:rgba(255,255,255, 0);color:#ffffff\"\t\t\t\t\t><svg  class=\"tf_fa tf-ti-facebook\" xmlns:xlink=\"http:\/\/www.w3.org\/1999\/xlink\" aria-hidden=\"true\"><use href=\"#tf-ti-facebook\" xlink:href=\"#tf-ti-facebook\"><\/use><\/svg><\/em>\n\t\t\t\t\t\t\t\t\t\t\t\t\t\t\t\t\t\t\t<span>Immunoterapia w Niemczech- Grupa<\/span>\n\t\t\t\t\t\t\t\t\t\t\t\t\t\t\t\t\t<\/a>\n\t\t\t\t\t<\/div>\n\t<\/div>\n<!-- \/module icon -->\n        <\/div>\n                    <\/div>\n                <\/div>\n                        <\/div>\n        <\/div>\n        <\/div>\n<!--\/themify_builder_content-->","protected":false},"excerpt":{"rendered":"<p>Dendritic Cell Immunotherapy Cancer Treatment Without Side Effects A New Perspective in Cancer Therapy Fighting cancer using a patient&#8217;s own immune system has been a dream for centuries. In the 1990, the discovery of the possibility of cultivating dendritic cells brought us closer to its fulfillment. For this discovery, the &#8220;father of modern immunotherapy&#8221; Professor [&hellip;]<\/p>\n","protected":false},"author":1,"featured_media":0,"parent":0,"menu_order":0,"comment_status":"closed","ping_status":"closed","template":"","meta":{"footnotes":""},"class_list":["post-147","page","type-page","status-publish","hentry","has-post-title","has-post-date","has-post-category","has-post-tag","has-post-comment","has-post-author",""],"builder_content":"<h1>Dendritic Cell Immunotherapy<\/h1> <h3>Cancer Treatment Without Side Effects<\/h3>\n<h2>A New Perspective In Cancer Therapy<br\/><\/h2>\n<p>Fighting cancer using a patient's own immune system has been a dream for centuries. In the 1990, the discovery of the possibility of cultivating dendritic cells brought us closer to its fulfillment. For this discovery, the \"father of modern immunotherapy\" Professor Ralph Steinmann was awarded the Nobel Prize in Medicine in 2011.<\/p> <p>Dendritic immunotherapy (DCT) has been the subject of intensified research around the world for the last decades. It is used in research and is increasingly used in many therapeutic clinics around the world. More than 7,000 scientific papers have been published on it, and it has been approved as a treatment in some countries, such as the US.<\/p>\n<a href=\"https:\/\/kinasconsulting.org\/main-more\/\" > Read more ... <\/a>\n<img src=\"https:\/\/kinasconsulting.org\/wp-content\/uploads\/2023\/05\/Kins-13-900x900.webp\" width=\"900\" height=\"900\" title=\"Kins 13\" alt=\"Kins 13\" srcset=\"https:\/\/kinasconsulting.org\/wp-content\/uploads\/2023\/05\/Kins-13-900x900.webp 900w, https:\/\/kinasconsulting.org\/wp-content\/uploads\/2023\/05\/Kins-13-300x300.webp 300w, https:\/\/kinasconsulting.org\/wp-content\/uploads\/2023\/05\/Kins-13-150x150.webp 150w, https:\/\/kinasconsulting.org\/wp-content\/uploads\/2023\/05\/Kins-13-768x768.webp 768w, https:\/\/kinasconsulting.org\/wp-content\/uploads\/2023\/05\/Kins-13-12x12.webp 12w, https:\/\/kinasconsulting.org\/wp-content\/uploads\/2023\/05\/Kins-13.webp 1000w\" sizes=\"(max-width: 900px) 100vw, 900px\" \/>\n<h2>Comprehensive Combination<br\/><\/h2>\n<p style=\"text-align: center;\">Our personalized immunotherapy targets the tumor without destroying healthy cells. We achieve this by combining different treatments.<\/p>\n<a href=\"\/therapy\/\" > Read more ... <\/a>\n<img src=\"https:\/\/kinasconsulting.org\/wp-content\/uploads\/2023\/04\/10-1024x682-1000x700.jpg\" width=\"1000\" height=\"700\" title=\"10\" alt=\"10\" srcset=\"https:\/\/kinasconsulting.org\/wp-content\/uploads\/2023\/04\/10-1024x682-1000x700.jpg 1000w, https:\/\/kinasconsulting.org\/wp-content\/uploads\/2023\/04\/10-18x12.jpg 18w\" sizes=\"(max-width: 1000px) 100vw, 1000px\" \/>\n<h2>Modern Cancer Therapy In The Heart Of Cologne<br\/><\/h2>\n<p>Our clinic has its own laboratory and is located in the center of Cologne, Germany. Our extensive treatment center consists of examination and consultation rooms, conference rooms, offices and modern laboratories of the highest standard.<\/p>\n<a href=\"\/information-about-clinic-and-treatment\/\" > Read more ... <\/a>\n<h2>About Us\/Contact:<br\/><\/h2>\n<p>We are former charges of a renowned German immuno-oncology clinic IOZK located in Cologne. The clinic is the pioneer in therapies such as the dendritic cell vaccine (DCT), hyperthermia, newcastle disease virus and others.<\/p>\n<form id=\"tb_3hys179-form\" method=\"post\" data-post-id=\"0\" data-element-id=\"3hys179\" data-orig-id=\"147\" > <input type=\"hidden\" id=\"bc_nonce\" name=\"bc_nonce\" value=\"896f393b9a\" \/><input type=\"hidden\" name=\"_wp_http_referer\" value=\"\/pl\/wp-json\/wp\/v2\/pages\/147\" \/> <label for=\"tb_3hys179-contact-name\"> Your Name <\/label> <input type=\"text\" name=\"contact-name\" placeholder=\" \" id=\"tb_3hys179-contact-name\" value=\"\" > Your Name <label for=\"tb_3hys179-contact-email\"> Your Email <\/label> <input type=\"email\" name=\"contact-email\" placeholder=\" \" id=\"tb_3hys179-contact-email\" value=\"\" > Your Email <label for=\"tb_3hys179-contact-subject\"> Subject * <\/label> <input type=\"text\" name=\"contact-subject\" placeholder=\" \" id=\"tb_3hys179-contact-subject\" value=\"\" required> Subject * <label for=\"tb_3hys179-contact-message\"> Message <\/label> <textarea name=\"contact-message\" placeholder=\" \" id=\"tb_3hys179-contact-message\"><\/textarea> Message <button type=\"submit\"> Send <\/button> <\/form>\n<a href=\"https:\/\/www.facebook.com\/immunoterapiawniemczech\"> <em style=\"background-color:rgba(255,255,255, 0);color:#ffffff\" ><svg xmlns:xlink=\"http:\/\/www.w3.org\/1999\/xlink\" aria-hidden=\"true\"><use href=\"#tf-ti-facebook\" xlink:href=\"#tf-ti-facebook\"><\/use><\/svg><\/em> Immunotherapy in Germany <\/a>\n<a href=\"https:\/\/www.facebook.com\/groups\/immunoterapiawniemczech\/?ref=share_group_link\"> <em style=\"background-color:rgba(255,255,255, 0);color:#ffffff\" ><svg xmlns:xlink=\"http:\/\/www.w3.org\/1999\/xlink\" aria-hidden=\"true\"><use href=\"#tf-ti-facebook\" xlink:href=\"#tf-ti-facebook\"><\/use><\/svg><\/em> Immunotherapy in Germany- Group <\/a>","_links":{"self":[{"href":"https:\/\/kinasconsulting.org\/pl\/wp-json\/wp\/v2\/pages\/147","targetHints":{"allow":["GET"]}}],"collection":[{"href":"https:\/\/kinasconsulting.org\/pl\/wp-json\/wp\/v2\/pages"}],"about":[{"href":"https:\/\/kinasconsulting.org\/pl\/wp-json\/wp\/v2\/types\/page"}],"author":[{"embeddable":true,"href":"https:\/\/kinasconsulting.org\/pl\/wp-json\/wp\/v2\/users\/1"}],"replies":[{"embeddable":true,"href":"https:\/\/kinasconsulting.org\/pl\/wp-json\/wp\/v2\/comments?post=147"}],"version-history":[{"count":130,"href":"https:\/\/kinasconsulting.org\/pl\/wp-json\/wp\/v2\/pages\/147\/revisions"}],"predecessor-version":[{"id":615,"href":"https:\/\/kinasconsulting.org\/pl\/wp-json\/wp\/v2\/pages\/147\/revisions\/615"}],"wp:attachment":[{"href":"https:\/\/kinasconsulting.org\/pl\/wp-json\/wp\/v2\/media?parent=147"}],"curies":[{"name":"wp","href":"https:\/\/api.w.org\/{rel}","templated":true}]}}